{"id":86,"date":"2016-08-10T16:26:43","date_gmt":"2016-08-10T15:26:43","guid":{"rendered":"http:\/\/logement-numerique.fr\/?page_id=86"},"modified":"2019-10-08T10:43:22","modified_gmt":"2019-10-08T09:43:22","slug":"diagnostics-techniques","status":"publish","type":"page","link":"https:\/\/www.logement-numerique.fr\/index.php\/diagnostics-techniques\/","title":{"rendered":"Diagnostics techniques"},"content":{"rendered":"<h3><span style=\"color: #3366ff;\">Vos diagnostics directement int\u00e9gr\u00e9s dans votre syst\u00e8me num\u00e9rique de patrimoine<\/span><\/h3>\n<h3><span style=\"color: #ff6600;\">Amiante<br \/>\n<\/span><\/h3>\n<p><img decoding=\"async\" loading=\"lazy\" class=\"\" src=\"http:\/\/diagnostic-immobilier-amiante-marseille.fr\/img\/diagnostic-amiante-calorifugeage.jpg\" alt=\"Afficher l'image d'origine\" width=\"132\" height=\"62\" \/><\/p>\n<p>Mis en place en 1997, suite au scandale de l&rsquo;amiante ayant r\u00e9v\u00e9l\u00e9 de nombreux cas de pathologies li\u00e9es \u00e0 une exposition \u00e0 ce mat\u00e9riau, autrefois largement utilis\u00e9 dans la construction, le diagnostic amiante est aujourd&rsquo;hui obligatoire pour les ventes, et les locations immobili\u00e8res construites avant le 1er juillet 1997.<\/p>\n<p>L&rsquo;objectif de ce contr\u00f4le, r\u00e9alis\u00e9 par un professionnel certifi\u00e9, est ainsi de v\u00e9rifier la<strong> pr\u00e9sence d&rsquo;amiante<\/strong> dans le logement, et de mettre en place les mesures n\u00e9cessaire le cas \u00e9ch\u00e9ant, afin d&rsquo;\u00e9liminer tous risques pour les occupants du bien.<\/p>\n<p>Le Logement Num\u00e9rique a con\u00e7u des processus d&rsquo;int\u00e9grations automatiques, visant \u00e0 industrialiser l&rsquo;int\u00e9gration des diagnostics au sein des principaux SITP du march\u00e9.<\/p>\n<p>&nbsp;<\/p>\n<h3><span style=\"color: #ff6600;\">Termites<\/span><\/h3>\n<p><img decoding=\"async\" loading=\"lazy\" class=\"\" src=\"http:\/\/www.bs-diagnostic.fr\/userfiles\/image\/Termites1.jpg\" alt=\"\" width=\"113\" height=\"85\" \/><\/p>\n<p>Le <strong>diagnostic termites<\/strong>, ou \u00e9tat parasitaire, fait partie des documents \u00e0 int\u00e9grer au dossier de diagnostic technique (DDT) dans le cas d&rsquo;une transaction immobili\u00e8re, dans le cas o\u00f9 le bien concern\u00e9 est situ\u00e9 sur une zone contamin\u00e9e par les termites ou autres insectes xylophages.<\/p>\n<p>Ce diagnostic, r\u00e9alis\u00e9 par un professionnel certifi\u00e9, consiste donc, d&rsquo;une part, \u00e0 d\u00e9celer la pr\u00e9sence de ces parasites dans une habitation, puis \u00e0 les identifier, avant de conseiller au propri\u00e9taire le traitement le mieux adapt\u00e9 pour les \u00e9radiquer et assainir le logement.<\/p>\n<p>Outre les termites, l&rsquo;<strong>\u00e9tat parasitaire<\/strong> concerne \u00e9galement les capricornes, c\u00e9rambycid\u00e9s et les col\u00e9opt\u00e8res.<\/p>\n<p>A noter qu&rsquo;il peut \u00e9galement s&rsquo;appliquer \u00e0 la m\u00e9rule, un champignon lignivore lui aussi particuli\u00e8rement d\u00e9vastateur dans une habitation.<\/p>\n<h3><span style=\"color: #ff6600;\">Gaz<\/span><\/h3>\n<p><img decoding=\"async\" loading=\"lazy\" class=\"\" src=\"http:\/\/www.bs-diagnostic.fr\/userfiles\/image\/Gaz8.jpg\" alt=\"\" width=\"123\" height=\"93\" \/><\/p>\n<p>La ventilation, l&rsquo;\u00e9tanch\u00e9it\u00e9 ou encore le raccordement font partie des 120 points \u00e9tudi\u00e9s par le diagnostiqueur au cours de la r\u00e9alisation d&rsquo;un <strong>diagnostic gaz<\/strong>.<\/p>\n<p>Inclus au dossier de diagnostic technique (DDT), le <strong>diagnostic gaz<\/strong> vise en effet \u00e0 d\u00e9celer les \u00e9ventuels d\u00e9fauts d&rsquo;une installation gaz afin d&rsquo;\u00e9viter tous risques d&rsquo;explosion, d&rsquo;asphyxie ou d&rsquo;intoxication.<\/p>\n<p>Il est \u00e0 noter que ce diagnostic, jusque-l\u00e0 obligatoire pour les ventes de biens immobiliers dont l&rsquo;<strong>installation de gaz<\/strong> a plus de quinze ans, est d\u00e9sormais obligatoire pour les locations immobili\u00e8res, toujours dans les m\u00eames conditions.<\/p>\n<p>D&rsquo;autre part, il convient de souligner que le diagnostiqueur certifi\u00e9 et missionn\u00e9 pour effectuer le diagnostic gaz est habilit\u00e9 \u00e0 couper l&rsquo;alimentation s&rsquo;il juge cette mesure de pr\u00e9caution n\u00e9cessaire, afin de pr\u00e9server la s\u00e9curit\u00e9 des occupants du logement et\/ou de l&rsquo;immeuble concern\u00e9.<\/p>\n<p>&nbsp;<\/p>\n<p style=\"text-align: center;\"><a href=\"http:\/\/logement-numerique.fr\/index.php\/fiabilisation-des-donnees-patrimoniales\/\">&lt; Fiabilisations des donn\u00e9es patrimoniales<\/a>\u00a0&#8211; <a href=\"http:\/\/logement-numerique.fr\/index.php\/maquette-numerique\/\">Maquette num\u00e9rique &#8211; BIM &gt;<\/a><\/p>\n","protected":false},"excerpt":{"rendered":"<p>Vos diagnostics directement int\u00e9gr\u00e9s dans votre syst\u00e8me num\u00e9rique de patrimoine Amiante Mis en place en 1997, suite au scandale de l&rsquo;amiante ayant r\u00e9v\u00e9l\u00e9 de nombreux cas de pathologies li\u00e9es \u00e0 [&hellip;]<\/p>\n","protected":false},"author":1,"featured_media":0,"parent":0,"menu_order":0,"comment_status":"closed","ping_status":"closed","template":"","meta":{"jetpack_post_was_ever_published":false},"jetpack_sharing_enabled":true,"jetpack_shortlink":"https:\/\/wp.me\/P8P7Mt-1o","_links":{"self":[{"href":"https:\/\/www.logement-numerique.fr\/index.php\/wp-json\/wp\/v2\/pages\/86"}],"collection":[{"href":"https:\/\/www.logement-numerique.fr\/index.php\/wp-json\/wp\/v2\/pages"}],"about":[{"href":"https:\/\/www.logement-numerique.fr\/index.php\/wp-json\/wp\/v2\/types\/page"}],"author":[{"embeddable":true,"href":"https:\/\/www.logement-numerique.fr\/index.php\/wp-json\/wp\/v2\/users\/1"}],"replies":[{"embeddable":true,"href":"https:\/\/www.logement-numerique.fr\/index.php\/wp-json\/wp\/v2\/comments?post=86"}],"version-history":[{"count":17,"href":"https:\/\/www.logement-numerique.fr\/index.php\/wp-json\/wp\/v2\/pages\/86\/revisions"}],"predecessor-version":[{"id":535,"href":"https:\/\/www.logement-numerique.fr\/index.php\/wp-json\/wp\/v2\/pages\/86\/revisions\/535"}],"wp:attachment":[{"href":"https:\/\/www.logement-numerique.fr\/index.php\/wp-json\/wp\/v2\/media?parent=86"}],"curies":[{"name":"wp","href":"https:\/\/api.w.org\/{rel}","templated":true}]}}