{"id":82,"date":"2016-08-10T16:26:20","date_gmt":"2016-08-10T15:26:20","guid":{"rendered":"http:\/\/logement-numerique.fr\/?page_id=82"},"modified":"2021-12-15T18:00:34","modified_gmt":"2021-12-15T17:00:34","slug":"realite-virtuelle","status":"publish","type":"page","link":"https:\/\/www.logement-numerique.fr\/index.php\/realite-virtuelle\/","title":{"rendered":"Visites Virtuelles, R\u00e9alit\u00e9 augment\u00e9e, Drone"},"content":{"rendered":"<p><img decoding=\"async\" loading=\"lazy\" class=\"alignnone  wp-image-801\" src=\"https:\/\/www.logement-numerique.fr\/wp-content\/uploads\/2021\/03\/logo-matterport-300x169.png\" alt=\"\" width=\"245\" height=\"138\" srcset=\"https:\/\/www.logement-numerique.fr\/wp-content\/uploads\/2021\/03\/logo-matterport-300x169.png 300w, https:\/\/www.logement-numerique.fr\/wp-content\/uploads\/2021\/03\/logo-matterport-400x225.png 400w, https:\/\/www.logement-numerique.fr\/wp-content\/uploads\/2021\/03\/logo-matterport-430x242.png 430w, https:\/\/www.logement-numerique.fr\/wp-content\/uploads\/2021\/03\/logo-matterport-150x84.png 150w, https:\/\/www.logement-numerique.fr\/wp-content\/uploads\/2021\/03\/logo-matterport-100x56.png 100w, https:\/\/www.logement-numerique.fr\/wp-content\/uploads\/2021\/03\/logo-matterport.png 534w\" sizes=\"(max-width: 245px) 100vw, 245px\" \/><\/p>\n<p><strong>Visites Virtuelles<\/strong><\/p>\n<p>Pour augmenter la proximit\u00e9 num\u00e9rique de nos clients, le Logement Num\u00e9rique&nbsp; propose un service de r\u00e9alisation de visites virtuelles pour l&rsquo;Immobilier R\u00e9sidentiel et Industriel, ainsi que les commerces.<\/p>\n<p><a href=\"https:\/\/my.matterport.com\/models\/mHw1EfDRitz?cta_origin=last_modified_space&amp;section=media\">exemple de r\u00e9alisation<\/a><\/p>\n<p><iframe loading=\"lazy\" width=\"853\" height=\"480\" src=\"https:\/\/my.matterport.com\/show\/?m=ZB4z615FF9j\" frameborder=\"0\" allowfullscreen=\"\" allow=\"xr-spatial-tracking\"><\/iframe><\/p>\n<p><iframe loading=\"lazy\" width=\"853\" height=\"480\" src=\"https:\/\/my.matterport.com\/show\/?m=X79PWdTzff9\" frameborder=\"0\" allowfullscreen=\"\" allow=\"xr-spatial-tracking\"><\/iframe><\/p>\n<p><iframe loading=\"lazy\" width=\"853\" height=\"480\" src=\"https:\/\/my.matterport.com\/show\/?m=g7K5j3grYc3\" frameborder=\"0\" allowfullscreen=\"\" allow=\"xr-spatial-tracking\"><\/iframe><\/p>\n<p><b>La r\u00e9alit\u00e9 augment\u00e9e<\/b>&nbsp;est une technologie informatique qui reproduit un environnement, r\u00e9el ou imaginaire, et simule la pr\u00e9sence et l&rsquo;environnement physique d&rsquo;un utilisateur pour permettre une interaction.<\/p>\n<p>Cette technologie dispose d&rsquo;un avantage, elle peut permettre \u00e0 un bailleur de faire visiter un logement \u00e0 ces futures locataires avant la fin de la construction, ou d&rsquo;en visiter un existant sans prendre rendez-vous avec l&rsquo;actuel locataire, ce qui est souvent une&nbsp;op\u00e9ration complexe \u00e0 mettre en \u0153uvre.<\/p>\n<p>Pour simplifier et g\u00e9n\u00e9raliser ce service novateur, faisant appel aux derni\u00e8res technologies informatiques, nous avons con\u00e7u un mod\u00e8le d&rsquo;\u00e9change qui permet \u00e0 partir d&rsquo;une maquette num\u00e9rique de constituer l&rsquo;avatar 3D du b\u00e2timent.<\/p>\n<p><strong>Relev\u00e9s par drone agr\u00e9\u00e9 DGAC<\/strong><\/p>\n<p style=\"text-align: center;\">\n<p style=\"text-align: left;\">\n","protected":false},"excerpt":{"rendered":"<p>Visites Virtuelles Pour augmenter la proximit\u00e9 num\u00e9rique de nos clients, le Logement Num\u00e9rique&nbsp; propose un service de r\u00e9alisation de visites virtuelles pour l&rsquo;Immobilier R\u00e9sidentiel et Industriel, ainsi que les commerces. [&hellip;]<\/p>\n","protected":false},"author":1,"featured_media":0,"parent":0,"menu_order":0,"comment_status":"closed","ping_status":"closed","template":"","meta":{"jetpack_post_was_ever_published":false},"jetpack_sharing_enabled":true,"jetpack_shortlink":"https:\/\/wp.me\/P8P7Mt-1k","_links":{"self":[{"href":"https:\/\/www.logement-numerique.fr\/index.php\/wp-json\/wp\/v2\/pages\/82"}],"collection":[{"href":"https:\/\/www.logement-numerique.fr\/index.php\/wp-json\/wp\/v2\/pages"}],"about":[{"href":"https:\/\/www.logement-numerique.fr\/index.php\/wp-json\/wp\/v2\/types\/page"}],"author":[{"embeddable":true,"href":"https:\/\/www.logement-numerique.fr\/index.php\/wp-json\/wp\/v2\/users\/1"}],"replies":[{"embeddable":true,"href":"https:\/\/www.logement-numerique.fr\/index.php\/wp-json\/wp\/v2\/comments?post=82"}],"version-history":[{"count":19,"href":"https:\/\/www.logement-numerique.fr\/index.php\/wp-json\/wp\/v2\/pages\/82\/revisions"}],"predecessor-version":[{"id":934,"href":"https:\/\/www.logement-numerique.fr\/index.php\/wp-json\/wp\/v2\/pages\/82\/revisions\/934"}],"wp:attachment":[{"href":"https:\/\/www.logement-numerique.fr\/index.php\/wp-json\/wp\/v2\/media?parent=82"}],"curies":[{"name":"wp","href":"https:\/\/api.w.org\/{rel}","templated":true}]}}