{"id":790,"date":"2021-01-20T10:43:56","date_gmt":"2021-01-20T09:43:56","guid":{"rendered":"https:\/\/www.logement-numerique.fr\/?page_id=790"},"modified":"2021-01-20T10:45:55","modified_gmt":"2021-01-20T09:45:55","slug":"inoteam","status":"publish","type":"page","link":"https:\/\/www.logement-numerique.fr\/index.php\/inoteam\/","title":{"rendered":"Inoteam"},"content":{"rendered":"\n<figure class=\"wp-block-image size-large\"><img decoding=\"async\" loading=\"lazy\" width=\"364\" height=\"106\" src=\"https:\/\/www.logement-numerique.fr\/wp-content\/uploads\/2021\/01\/logo-inoteam.png\" alt=\"\" class=\"wp-image-787\" srcset=\"https:\/\/www.logement-numerique.fr\/wp-content\/uploads\/2021\/01\/logo-inoteam.png 364w, https:\/\/www.logement-numerique.fr\/wp-content\/uploads\/2021\/01\/logo-inoteam-300x87.png 300w, https:\/\/www.logement-numerique.fr\/wp-content\/uploads\/2021\/01\/logo-inoteam-150x44.png 150w, https:\/\/www.logement-numerique.fr\/wp-content\/uploads\/2021\/01\/logo-inoteam-100x29.png 100w\" sizes=\"(max-width: 364px) 100vw, 364px\" \/><\/figure>\n\n\n\n<h2 class=\"wp-block-heading\"><strong>Votre partenaire<br>GMAO \u2013 EAM \u2013 APM<\/strong><\/h2>\n\n\n\n<p>Nos consultants sp\u00e9cialis\u00e9s accompagnent nos clients&nbsp;<strong>depuis 20 ans en France et \u00e0 l&rsquo;\u00e9tranger<\/strong>&nbsp;dans l&rsquo;approche strat\u00e9gique et la mise en place de leur solution GMAO.<\/p>\n\n\n\n<p>Notre&nbsp;<strong>expertise reconnue sur les principales solutions GMAO du march\u00e9&nbsp;<\/strong>vous garantit un conseil \u00e9clair\u00e9 sur la solution qui vous conviendra le mieux.<\/p>\n\n\n\n<h2 class=\"wp-block-heading\">Nos consultants vous accompagnent pour r\u00e9ussir l\u2019int\u00e9gration de votre solution GMAO \/ EAM \/ APM:<\/h2>\n\n\n\n<ul><li>Mise en \u0153uvre de la solution, de la phase d\u2019installation jusqu\u2019\u00e0 la formation des utilisateurs<\/li><li>D\u00e9veloppement d\u2019interface ERP, SCADA \u2026<\/li><li>Personnalisations avanc\u00e9es<\/li><li>Accompagnement sur les solutions p\u00e9riph\u00e9riques de reporting et de mobilit\u00e9.<\/li><\/ul>\n\n\n\n<p>Au-del\u00e0 de l\u2019offre logicielle standard, nous proposons \u00e9galement des solutions sur mesure permettant d\u2019int\u00e9grer les briques suivantes \u00e0 la solution GMAO \/ EAM \/ APM:<\/p>\n\n\n\n<ul><li>SIG (Syst\u00e8me d\u2019Information G\u00e9ographique)<\/li><li>Gestion des plans CAO (type Autocad)<\/li><li>IOT (Internet des objets)<\/li><li>SCADA (Supervision)<\/li><li>MES (Gestion de production)<\/li><\/ul>\n\n\n\n<h2 class=\"wp-block-heading\">Une \u00e9quipe projet compl\u00e8te pour piloter votre projet :<\/h2>\n\n\n\n<ul><li>Directeurs de projets \/ Engagement manager : garant des engagements d\u2019INOTEAM<\/li><li>Chefs de projet : sp\u00e9cialiste de la gestion de projet GMAO \/ EAM\/ APM<\/li><li>Consultants fonctionnels : pour l\u2019ensemble des domaines (Equipements, travaux, stock, achat\u2026)<\/li><li>Consultants techniques : de l\u2019installation \u00e0 la personnalisation des solutions<\/li><\/ul>\n\n\n\n<h2 class=\"wp-block-heading\">TMA (tierce maintenance applicative) : une valeur ajout\u00e9e pour le maintien de votre solution<\/h2>\n\n\n\n<p>L\u2019offre TMA vous permet de garantir une bonne utilisation de vous outils gr\u00e2ce au support et aux conseils de professionnels dont le service et la satisfaction client sont les priorit\u00e9s.<\/p>\n\n\n\n<p>Notre expertise reste \u00e0 port\u00e9e de main en permanence et vous permets le maintien de votre application, de ses performances, de son optimisation et de sa disponibilit\u00e9.<\/p>\n\n\n\n<p>Une offre modulaire adapt\u00e9e \u00e0 chaque client peut \u00eatre propos\u00e9e : offres basique, standard et sur mesure.<\/p>\n","protected":false},"excerpt":{"rendered":"<p>Votre partenaireGMAO \u2013 EAM \u2013 APM Nos consultants sp\u00e9cialis\u00e9s accompagnent nos clients&nbsp;depuis 20 ans en France et \u00e0 l&rsquo;\u00e9tranger&nbsp;dans l&rsquo;approche strat\u00e9gique et la mise en place de leur solution GMAO. [&hellip;]<\/p>\n","protected":false},"author":1,"featured_media":0,"parent":0,"menu_order":0,"comment_status":"closed","ping_status":"closed","template":"","meta":{"jetpack_post_was_ever_published":false},"jetpack_sharing_enabled":true,"jetpack_shortlink":"https:\/\/wp.me\/P8P7Mt-cK","_links":{"self":[{"href":"https:\/\/www.logement-numerique.fr\/index.php\/wp-json\/wp\/v2\/pages\/790"}],"collection":[{"href":"https:\/\/www.logement-numerique.fr\/index.php\/wp-json\/wp\/v2\/pages"}],"about":[{"href":"https:\/\/www.logement-numerique.fr\/index.php\/wp-json\/wp\/v2\/types\/page"}],"author":[{"embeddable":true,"href":"https:\/\/www.logement-numerique.fr\/index.php\/wp-json\/wp\/v2\/users\/1"}],"replies":[{"embeddable":true,"href":"https:\/\/www.logement-numerique.fr\/index.php\/wp-json\/wp\/v2\/comments?post=790"}],"version-history":[{"count":2,"href":"https:\/\/www.logement-numerique.fr\/index.php\/wp-json\/wp\/v2\/pages\/790\/revisions"}],"predecessor-version":[{"id":794,"href":"https:\/\/www.logement-numerique.fr\/index.php\/wp-json\/wp\/v2\/pages\/790\/revisions\/794"}],"wp:attachment":[{"href":"https:\/\/www.logement-numerique.fr\/index.php\/wp-json\/wp\/v2\/media?parent=790"}],"curies":[{"name":"wp","href":"https:\/\/api.w.org\/{rel}","templated":true}]}}