{"id":75,"date":"2016-08-10T16:25:08","date_gmt":"2016-08-10T15:25:08","guid":{"rendered":"http:\/\/logement-numerique.fr\/?page_id=75"},"modified":"2020-08-26T14:40:03","modified_gmt":"2020-08-26T13:40:03","slug":"releves-sur-site","status":"publish","type":"page","link":"https:\/\/www.logement-numerique.fr\/index.php\/releves-sur-site\/","title":{"rendered":"Relev\u00e9s sur site"},"content":{"rendered":"<p><img decoding=\"async\" loading=\"lazy\" class=\" wp-image-71 aligncenter\" src=\"http:\/\/logement-numerique.fr\/wp-content\/uploads\/2016\/08\/iStock_000076317011_XXXLarge-300x200.jpg\" alt=\"iStock_000076317011_XXXLarge\" width=\"356\" height=\"237\" srcset=\"https:\/\/www.logement-numerique.fr\/wp-content\/uploads\/2016\/08\/iStock_000076317011_XXXLarge-300x200.jpg 300w, https:\/\/www.logement-numerique.fr\/wp-content\/uploads\/2016\/08\/iStock_000076317011_XXXLarge-768x513.jpg 768w, https:\/\/www.logement-numerique.fr\/wp-content\/uploads\/2016\/08\/iStock_000076317011_XXXLarge-1024x683.jpg 1024w, https:\/\/www.logement-numerique.fr\/wp-content\/uploads\/2016\/08\/iStock_000076317011_XXXLarge-750x501.jpg 750w, https:\/\/www.logement-numerique.fr\/wp-content\/uploads\/2016\/08\/iStock_000076317011_XXXLarge-400x267.jpg 400w, https:\/\/www.logement-numerique.fr\/wp-content\/uploads\/2016\/08\/iStock_000076317011_XXXLarge-430x287.jpg 430w, https:\/\/www.logement-numerique.fr\/wp-content\/uploads\/2016\/08\/iStock_000076317011_XXXLarge-150x100.jpg 150w, https:\/\/www.logement-numerique.fr\/wp-content\/uploads\/2016\/08\/iStock_000076317011_XXXLarge-100x67.jpg 100w, https:\/\/www.logement-numerique.fr\/wp-content\/uploads\/2016\/08\/iStock_000076317011_XXXLarge-272x182.jpg 272w\" sizes=\"(max-width: 356px) 100vw, 356px\" \/><\/p>\n<p style=\"text-align: justify;\">Pour r\u00e9pondre aux attentes de nos clients,\u00a0 lorsque les plans sont absents, obsol\u00e8tes, ou que les informations pr\u00e9sentes sont insuffisantes (absence de cotation par exemple), le <strong>Bureau d&rsquo;Etude Num\u00e9rique<\/strong> vous propose de r\u00e9aliser un relev\u00e9 sur site,\u00a0 pour obtenir une maquette num\u00e9rique du b\u00e2timent.<\/p>\n<p style=\"text-align: justify;\">Notre \u00e9cosyst\u00e8me de partenaires\u00a0 dispose d\u2019implantations r\u00e9parties sur l\u2019ensemble du territoire, ce qui permet d\u2019acc\u00e9der rapidement aux ensembles immobiliers \u00e0 relever tout en optimisant les temps de d\u00e9placement.<\/p>\n<p style=\"text-align: justify;\">Si des parties privatives doivent \u00eatre visit\u00e9es, nous appliquerons une proc\u00e9dure sp\u00e9cifique incluant une prise de rendez-vous avec les locataires, la d\u00e9finition d\u2019un planning d\u2019intervention et un suivi partag\u00e9 de l\u2019avancement des visites.<\/p>\n<p><strong>Exemple de r\u00e9alisations pour des op\u00e9rations de r\u00e9habilitation.<\/strong><\/p>\n<p><img decoding=\"async\" loading=\"lazy\" class=\"alignnone  wp-image-496\" src=\"https:\/\/www.logement-numerique.fr\/wp-content\/uploads\/2017\/06\/semsamar-300x300.jpg\" alt=\"\" width=\"124\" height=\"124\" srcset=\"https:\/\/www.logement-numerique.fr\/wp-content\/uploads\/2017\/06\/semsamar-300x300.jpg 300w, https:\/\/www.logement-numerique.fr\/wp-content\/uploads\/2017\/06\/semsamar-150x150.jpg 150w, https:\/\/www.logement-numerique.fr\/wp-content\/uploads\/2017\/06\/semsamar-768x768.jpg 768w, https:\/\/www.logement-numerique.fr\/wp-content\/uploads\/2017\/06\/semsamar-750x750.jpg 750w, https:\/\/www.logement-numerique.fr\/wp-content\/uploads\/2017\/06\/semsamar-400x400.jpg 400w, https:\/\/www.logement-numerique.fr\/wp-content\/uploads\/2017\/06\/semsamar-430x430.jpg 430w, https:\/\/www.logement-numerique.fr\/wp-content\/uploads\/2017\/06\/semsamar-100x100.jpg 100w, https:\/\/www.logement-numerique.fr\/wp-content\/uploads\/2017\/06\/semsamar.jpg 900w\" sizes=\"(max-width: 124px) 100vw, 124px\" \/><img decoding=\"async\" loading=\"lazy\" class=\"alignnone  wp-image-697\" src=\"https:\/\/www.logement-numerique.fr\/wp-content\/uploads\/2020\/08\/image-1.png\" alt=\"\" width=\"190\" height=\"68\" srcset=\"https:\/\/www.logement-numerique.fr\/wp-content\/uploads\/2020\/08\/image-1.png 165w, https:\/\/www.logement-numerique.fr\/wp-content\/uploads\/2020\/08\/image-1-150x54.png 150w, https:\/\/www.logement-numerique.fr\/wp-content\/uploads\/2020\/08\/image-1-100x36.png 100w\" sizes=\"(max-width: 190px) 100vw, 190px\" \/><img decoding=\"async\" loading=\"lazy\" class=\"alignnone size-full wp-image-696\" src=\"https:\/\/www.logement-numerique.fr\/wp-content\/uploads\/2020\/08\/image.png\" alt=\"\" width=\"235\" height=\"82\" srcset=\"https:\/\/www.logement-numerique.fr\/wp-content\/uploads\/2020\/08\/image.png 235w, https:\/\/www.logement-numerique.fr\/wp-content\/uploads\/2020\/08\/image-150x52.png 150w, https:\/\/www.logement-numerique.fr\/wp-content\/uploads\/2020\/08\/image-100x35.png 100w\" sizes=\"(max-width: 235px) 100vw, 235px\" \/><\/p>\n<p>Relev\u00e9s sur site, cr\u00e9ation de maquettes num\u00e9riques au format IFC et Abyla, conception de la visite virtuelle pour la r\u00e9sidence COGNEAU LAMIRANDE (69 logements et 2 commerces en Guyane).<\/p>\n<p><img decoding=\"async\" loading=\"lazy\" class=\"alignnone  wp-image-716\" src=\"https:\/\/www.logement-numerique.fr\/wp-content\/uploads\/2020\/08\/logo-opal-300x127.jpg\" alt=\"\" width=\"130\" height=\"55\" srcset=\"https:\/\/www.logement-numerique.fr\/wp-content\/uploads\/2020\/08\/logo-opal-300x127.jpg 300w, https:\/\/www.logement-numerique.fr\/wp-content\/uploads\/2020\/08\/logo-opal-150x63.jpg 150w, https:\/\/www.logement-numerique.fr\/wp-content\/uploads\/2020\/08\/logo-opal-100x42.jpg 100w, https:\/\/www.logement-numerique.fr\/wp-content\/uploads\/2020\/08\/logo-opal.jpg 350w\" sizes=\"(max-width: 130px) 100vw, 130px\" \/><img decoding=\"async\" loading=\"lazy\" class=\"alignnone  wp-image-717\" src=\"https:\/\/www.logement-numerique.fr\/wp-content\/uploads\/2020\/08\/opal-maquette-300x166.jpg\" alt=\"\" width=\"212\" height=\"118\" srcset=\"https:\/\/www.logement-numerique.fr\/wp-content\/uploads\/2020\/08\/opal-maquette-300x166.jpg 300w, https:\/\/www.logement-numerique.fr\/wp-content\/uploads\/2020\/08\/opal-maquette-1024x568.jpg 1024w, https:\/\/www.logement-numerique.fr\/wp-content\/uploads\/2020\/08\/opal-maquette-768x426.jpg 768w, https:\/\/www.logement-numerique.fr\/wp-content\/uploads\/2020\/08\/opal-maquette-750x416.jpg 750w, https:\/\/www.logement-numerique.fr\/wp-content\/uploads\/2020\/08\/opal-maquette-400x222.jpg 400w, https:\/\/www.logement-numerique.fr\/wp-content\/uploads\/2020\/08\/opal-maquette-430x239.jpg 430w, https:\/\/www.logement-numerique.fr\/wp-content\/uploads\/2020\/08\/opal-maquette-150x83.jpg 150w, https:\/\/www.logement-numerique.fr\/wp-content\/uploads\/2020\/08\/opal-maquette-100x55.jpg 100w, https:\/\/www.logement-numerique.fr\/wp-content\/uploads\/2020\/08\/opal-maquette.jpg 1168w\" sizes=\"(max-width: 212px) 100vw, 212px\" \/><img decoding=\"async\" loading=\"lazy\" class=\"alignnone  wp-image-718\" src=\"https:\/\/www.logement-numerique.fr\/wp-content\/uploads\/2020\/08\/opal2-maquette-300x169.jpg\" alt=\"\" width=\"208\" height=\"117\" srcset=\"https:\/\/www.logement-numerique.fr\/wp-content\/uploads\/2020\/08\/opal2-maquette-300x169.jpg 300w, https:\/\/www.logement-numerique.fr\/wp-content\/uploads\/2020\/08\/opal2-maquette-1024x576.jpg 1024w, https:\/\/www.logement-numerique.fr\/wp-content\/uploads\/2020\/08\/opal2-maquette-768x432.jpg 768w, https:\/\/www.logement-numerique.fr\/wp-content\/uploads\/2020\/08\/opal2-maquette-750x422.jpg 750w, https:\/\/www.logement-numerique.fr\/wp-content\/uploads\/2020\/08\/opal2-maquette-400x225.jpg 400w, https:\/\/www.logement-numerique.fr\/wp-content\/uploads\/2020\/08\/opal2-maquette-430x242.jpg 430w, https:\/\/www.logement-numerique.fr\/wp-content\/uploads\/2020\/08\/opal2-maquette-150x84.jpg 150w, https:\/\/www.logement-numerique.fr\/wp-content\/uploads\/2020\/08\/opal2-maquette-100x56.jpg 100w, https:\/\/www.logement-numerique.fr\/wp-content\/uploads\/2020\/08\/opal2-maquette.jpg 1152w\" sizes=\"(max-width: 208px) 100vw, 208px\" \/><\/p>\n<p>Dans la cadre d&rsquo;un projet de r\u00e9habilitation, r\u00e9alisation d&rsquo;un Scan 3D int\u00e9rieur &amp; ext\u00e9rieur du b\u00e2timent,\u00a0 cr\u00e9ation de maquettes num\u00e9riques au format REVIT et AUTOCAD.<\/p>\n<p style=\"text-align: center;\"><a href=\"http:\/\/logement-numerique.fr\/index.php\/constitution-et-controle\/\">&lt; Constitution et contr\u00f4le<\/a>\u00a0&#8211; <a href=\"http:\/\/logement-numerique.fr\/index.php\/vectorisation\/\">Vectorisation &gt;<\/a><\/p>\n","protected":false},"excerpt":{"rendered":"<p>Pour r\u00e9pondre aux attentes de nos clients,\u00a0 lorsque les plans sont absents, obsol\u00e8tes, ou que les informations pr\u00e9sentes sont insuffisantes (absence de cotation par exemple), le Bureau d&rsquo;Etude Num\u00e9rique vous [&hellip;]<\/p>\n","protected":false},"author":1,"featured_media":0,"parent":0,"menu_order":0,"comment_status":"closed","ping_status":"closed","template":"","meta":{"jetpack_post_was_ever_published":false},"jetpack_sharing_enabled":true,"jetpack_shortlink":"https:\/\/wp.me\/P8P7Mt-1d","_links":{"self":[{"href":"https:\/\/www.logement-numerique.fr\/index.php\/wp-json\/wp\/v2\/pages\/75"}],"collection":[{"href":"https:\/\/www.logement-numerique.fr\/index.php\/wp-json\/wp\/v2\/pages"}],"about":[{"href":"https:\/\/www.logement-numerique.fr\/index.php\/wp-json\/wp\/v2\/types\/page"}],"author":[{"embeddable":true,"href":"https:\/\/www.logement-numerique.fr\/index.php\/wp-json\/wp\/v2\/users\/1"}],"replies":[{"embeddable":true,"href":"https:\/\/www.logement-numerique.fr\/index.php\/wp-json\/wp\/v2\/comments?post=75"}],"version-history":[{"count":9,"href":"https:\/\/www.logement-numerique.fr\/index.php\/wp-json\/wp\/v2\/pages\/75\/revisions"}],"predecessor-version":[{"id":719,"href":"https:\/\/www.logement-numerique.fr\/index.php\/wp-json\/wp\/v2\/pages\/75\/revisions\/719"}],"wp:attachment":[{"href":"https:\/\/www.logement-numerique.fr\/index.php\/wp-json\/wp\/v2\/media?parent=75"}],"curies":[{"name":"wp","href":"https:\/\/api.w.org\/{rel}","templated":true}]}}