{"id":659,"date":"2020-08-14T16:26:43","date_gmt":"2020-08-14T15:26:43","guid":{"rendered":"https:\/\/www.logement-numerique.fr\/?page_id=659"},"modified":"2024-09-23T16:52:30","modified_gmt":"2024-09-23T15:52:30","slug":"le-groupe-ln","status":"publish","type":"page","link":"https:\/\/www.logement-numerique.fr\/index.php\/le-groupe-ln\/","title":{"rendered":"Le Groupe LN,"},"content":{"rendered":"\n<figure class=\"wp-block-image size-large is-resized\"><img decoding=\"async\" loading=\"lazy\" src=\"https:\/\/www.logement-numerique.fr\/wp-content\/uploads\/2020\/08\/logo-groupeln-1024x435.jpg\" alt=\"\" class=\"wp-image-677\" width=\"223\" height=\"94\" srcset=\"https:\/\/www.logement-numerique.fr\/wp-content\/uploads\/2020\/08\/logo-groupeln-1024x435.jpg 1024w, https:\/\/www.logement-numerique.fr\/wp-content\/uploads\/2020\/08\/logo-groupeln-300x128.jpg 300w, https:\/\/www.logement-numerique.fr\/wp-content\/uploads\/2020\/08\/logo-groupeln-768x326.jpg 768w, https:\/\/www.logement-numerique.fr\/wp-content\/uploads\/2020\/08\/logo-groupeln-750x319.jpg 750w, https:\/\/www.logement-numerique.fr\/wp-content\/uploads\/2020\/08\/logo-groupeln-400x170.jpg 400w, https:\/\/www.logement-numerique.fr\/wp-content\/uploads\/2020\/08\/logo-groupeln-430x183.jpg 430w, https:\/\/www.logement-numerique.fr\/wp-content\/uploads\/2020\/08\/logo-groupeln-150x64.jpg 150w, https:\/\/www.logement-numerique.fr\/wp-content\/uploads\/2020\/08\/logo-groupeln-100x43.jpg 100w, https:\/\/www.logement-numerique.fr\/wp-content\/uploads\/2020\/08\/logo-groupeln.jpg 1369w\" sizes=\"(max-width: 223px) 100vw, 223px\" \/><\/figure>\n\n\n\n<h4 class=\"wp-block-heading\">En quelques mots,<\/h4>\n\n\n\n<figure class=\"wp-block-image size-large is-resized\"><img decoding=\"async\" loading=\"lazy\" src=\"https:\/\/www.logement-numerique.fr\/wp-content\/uploads\/2021\/04\/image.png\" alt=\"\" class=\"wp-image-821\" width=\"577\" height=\"336\" srcset=\"https:\/\/www.logement-numerique.fr\/wp-content\/uploads\/2021\/04\/image.png 577w, https:\/\/www.logement-numerique.fr\/wp-content\/uploads\/2021\/04\/image-300x175.png 300w, https:\/\/www.logement-numerique.fr\/wp-content\/uploads\/2021\/04\/image-400x233.png 400w, https:\/\/www.logement-numerique.fr\/wp-content\/uploads\/2021\/04\/image-430x250.png 430w, https:\/\/www.logement-numerique.fr\/wp-content\/uploads\/2021\/04\/image-150x87.png 150w, https:\/\/www.logement-numerique.fr\/wp-content\/uploads\/2021\/04\/image-100x58.png 100w\" sizes=\"(max-width: 577px) 100vw, 577px\" \/><\/figure>\n\n\n\n<p><strong>Le Groupe LN, <\/strong>est une soci\u00e9t\u00e9 p\u00e9renne de 23 collaborateurs, disposant d\u2019un capital de 400&nbsp;000 \u20ac, d\u00e9tenue par ses Dirigeants Cr\u00e9ateurs, qui a r\u00e9alis\u00e9 en 2020, dans un contexte difficile li\u00e9 \u00e0 la COVID un&nbsp;<strong>CA sup\u00e9rieur \u00e0 2 M\u20ac pour un r\u00e9sultat d\u2019environ 150&nbsp;000 \u20ac<\/strong>.<\/p>\n\n\n\n<p>Pour \u00eatre au plus proche de ses clients, Le <strong>Groupe LN<\/strong> dispose de <strong>3 implantations g\u00e9ographiques<\/strong>&nbsp;:<\/p>\n\n\n\n<ul>\n<li><strong>CARQUEFOU (44), <\/strong>Si\u00e8ge&nbsp;: 1 Avenue du P. Jean ROUXEL \u2013 44481 <strong>CARQUEFOU CEDEX<\/strong><\/li>\n<\/ul>\n\n\n\n<p><\/p>\n\n\n\n<ul>\n<li><strong>LE MARIN (972), <\/strong>bureau Antilles&nbsp;: Marina du Marin \u2013 Bassin Tortues \u2013 97290 <strong>LE MARIN<\/strong><\/li>\n<\/ul>\n\n\n\n<p><\/p>\n\n\n\n<ul>\n<li><strong>MONTPELLIER, <\/strong>La Salicorne 909, avenue des Platanes 34970<strong> LATTES<\/strong><\/li>\n<\/ul>\n\n\n\n<h4 class=\"wp-block-heading\">Nos clients :<\/h4>\n\n\n\n<figure class=\"wp-block-image size-large\"><img decoding=\"async\" loading=\"lazy\" width=\"854\" height=\"447\" src=\"https:\/\/www.logement-numerique.fr\/wp-content\/uploads\/2020\/08\/r\u00e9f\u00e9rences.jpg\" alt=\"\" class=\"wp-image-708\" srcset=\"https:\/\/www.logement-numerique.fr\/wp-content\/uploads\/2020\/08\/r\u00e9f\u00e9rences.jpg 854w, https:\/\/www.logement-numerique.fr\/wp-content\/uploads\/2020\/08\/r\u00e9f\u00e9rences-300x157.jpg 300w, https:\/\/www.logement-numerique.fr\/wp-content\/uploads\/2020\/08\/r\u00e9f\u00e9rences-768x402.jpg 768w, https:\/\/www.logement-numerique.fr\/wp-content\/uploads\/2020\/08\/r\u00e9f\u00e9rences-750x393.jpg 750w, https:\/\/www.logement-numerique.fr\/wp-content\/uploads\/2020\/08\/r\u00e9f\u00e9rences-400x209.jpg 400w, https:\/\/www.logement-numerique.fr\/wp-content\/uploads\/2020\/08\/r\u00e9f\u00e9rences-430x225.jpg 430w, https:\/\/www.logement-numerique.fr\/wp-content\/uploads\/2020\/08\/r\u00e9f\u00e9rences-150x79.jpg 150w, https:\/\/www.logement-numerique.fr\/wp-content\/uploads\/2020\/08\/r\u00e9f\u00e9rences-100x52.jpg 100w\" sizes=\"(max-width: 854px) 100vw, 854px\" \/><\/figure>\n\n\n\n<h4 class=\"wp-block-heading\">Une \u00e9quipe performante,<\/h4>\n\n\n\n<p><strong>L&rsquo;\u00e9quipe du<\/strong> <strong>Groupe LN<\/strong> c<strong>ompte 23 collaborateurs experts, ing\u00e9nieurs et techniciens du BIM Gestion, Exploitation, Maintenance et de la GMAO.<\/strong> Pour assurer notre pertinence, nous avons mis en place un programme de formation ambitieux et continu.<\/p>\n\n\n\n<h4 class=\"wp-block-heading\">A la pointe de la technologie,<\/h4>\n\n\n\n<p>Le <strong>Groupe LN<\/strong> dispose des techniques les plus avanc\u00e9es dans le domaine de l\u2019acquisition de donn\u00e9es  et dans le traitement de celles-ci. Notre service innovation assure continuellement une veille technologique qui nous permet d\u2019innover chaque jour.<\/p>\n\n\n\n<h4 class=\"wp-block-heading\">Confiance et transparence,<\/h4>\n\n\n\n<p>Au fil des ann\u00e9es, Le <strong>Groupe LN<\/strong> a su construire une <strong>relation de confiance<\/strong> avec ses clients <strong>en communiquant en toute transparence<\/strong> tout au long de des projets qui lui sont confi\u00e9s.<\/p>\n\n\n\n<h4 class=\"wp-block-heading\">Respect des engagement pris,<\/h4>\n\n\n\n<p><strong>Le<\/strong> <strong>Groupe LN<\/strong> <strong>respecte ses engagements en terme de d\u00e9lais et de qualit\u00e9 de service. <\/strong><\/p>\n\n\n\n<h4 class=\"wp-block-heading\"><strong>Nos savoir-faire :<\/strong><\/h4>\n\n\n\n<ul>\n<li>AMO et Conseil BIM GEM (transition num\u00e9rique pour le logement social)<\/li>\n\n\n\n<li>Expertises techniques et m\u00e9tiers pour les solutions Abyla\u00a9, Active3D\u00a9, BimKeeper\u00a9, BimWiq DATA\u00a9, Carl Software, IBM Maximo<\/li>\n\n\n\n<li>Audit, r\u00e9organisation, fusion, migration de base de donn\u00e9es graphiques et alphanum\u00e9riques du patrimoine<\/li>\n\n\n\n<li>Formation, assistance au changement BIM GEM (Gestion, Exploitation, Maintenance)<\/li>\n\n\n\n<li>Ing\u00e9nierie de la donn\u00e9e patrimoine (collecte de l\u2019information, constitution des dossiers patrimoine, Helpline constitution, relev\u00e9s sur site, \u00e9tude de migration, vectorisation du patrimoine dans diff\u00e9rents formats, contr\u00f4le qualit\u00e9 vectorisation \u2026)<\/li>\n\n\n\n<li>Data Management des informations techniques du patrimoine<\/li>\n\n\n\n<li>Tierce Maintenance Applicative SIGTP<\/li>\n\n\n\n<li>Syst\u00e8me d\u2019Information D\u00e9cisionnel (BIBOARD, Power BI) pour le pilotage de la performance, en lien avec les ERP m\u00e9tiers du secteur ( Cassiopae Habitat\u00a9, Prem\u2019 Habitat\u00a9, Ulis\u00a9, Abyla\u00a9, Gesprojet\u00a9, \u2026)<\/li>\n\n\n\n<li>Syst\u00e8me d\u2019Information G\u00e9ographique (QGIS, ArcGIS) pour la gestion du foncier, du PSP, l\u2019aide \u00e0 la d\u00e9cision<\/li>\n\n\n\n<li>Visites virtuelles immersives &amp; r\u00e9alit\u00e9 virtuelle<\/li>\n\n\n\n<li>Relev\u00e9s, inspections par drone agr\u00e9\u00e9 DGAC, photogramm\u00e9trie<\/li>\n<\/ul>\n\n\n\n<p><a href=\"https:\/\/www.logement-numerique.fr\/wp-content\/uploads\/2024\/09\/Presentation-Groupe-LN-2024.pdf\" target=\"_blank\" rel=\"noreferrer noopener\">T\u00e9l\u00e9chargement <\/a><\/p>\n\n\n\n<p><\/p>\n","protected":false},"excerpt":{"rendered":"<p>En quelques mots, Le Groupe LN, est une soci\u00e9t\u00e9 p\u00e9renne de 23 collaborateurs, disposant d\u2019un capital de 400&nbsp;000 \u20ac, d\u00e9tenue par ses Dirigeants Cr\u00e9ateurs, qui a r\u00e9alis\u00e9 en 2020, dans [&hellip;]<\/p>\n","protected":false},"author":1,"featured_media":0,"parent":0,"menu_order":0,"comment_status":"closed","ping_status":"closed","template":"","meta":{"jetpack_post_was_ever_published":false},"jetpack_sharing_enabled":true,"jetpack_shortlink":"https:\/\/wp.me\/P8P7Mt-aD","_links":{"self":[{"href":"https:\/\/www.logement-numerique.fr\/index.php\/wp-json\/wp\/v2\/pages\/659"}],"collection":[{"href":"https:\/\/www.logement-numerique.fr\/index.php\/wp-json\/wp\/v2\/pages"}],"about":[{"href":"https:\/\/www.logement-numerique.fr\/index.php\/wp-json\/wp\/v2\/types\/page"}],"author":[{"embeddable":true,"href":"https:\/\/www.logement-numerique.fr\/index.php\/wp-json\/wp\/v2\/users\/1"}],"replies":[{"embeddable":true,"href":"https:\/\/www.logement-numerique.fr\/index.php\/wp-json\/wp\/v2\/comments?post=659"}],"version-history":[{"count":29,"href":"https:\/\/www.logement-numerique.fr\/index.php\/wp-json\/wp\/v2\/pages\/659\/revisions"}],"predecessor-version":[{"id":1026,"href":"https:\/\/www.logement-numerique.fr\/index.php\/wp-json\/wp\/v2\/pages\/659\/revisions\/1026"}],"wp:attachment":[{"href":"https:\/\/www.logement-numerique.fr\/index.php\/wp-json\/wp\/v2\/media?parent=659"}],"curies":[{"name":"wp","href":"https:\/\/api.w.org\/{rel}","templated":true}]}}