{"id":543,"date":"2019-10-19T12:00:42","date_gmt":"2019-10-19T11:00:42","guid":{"rendered":"https:\/\/www.logement-numerique.fr\/?page_id=543"},"modified":"2022-02-23T18:01:43","modified_gmt":"2022-02-23T17:01:43","slug":"financements","status":"publish","type":"page","link":"https:\/\/www.logement-numerique.fr\/index.php\/financements\/","title":{"rendered":"Financements"},"content":{"rendered":"<p><img decoding=\"async\" loading=\"lazy\" class=\"alignnone wp-image-544\" src=\"https:\/\/logement-numerique.fr\/wp-content\/uploads\/2019\/10\/financement-277x300.jpg\" alt=\"\" width=\"107\" height=\"116\" srcset=\"https:\/\/www.logement-numerique.fr\/wp-content\/uploads\/2019\/10\/financement-277x300.jpg 277w, https:\/\/www.logement-numerique.fr\/wp-content\/uploads\/2019\/10\/financement-768x830.jpg 768w, https:\/\/www.logement-numerique.fr\/wp-content\/uploads\/2019\/10\/financement-947x1024.jpg 947w, https:\/\/www.logement-numerique.fr\/wp-content\/uploads\/2019\/10\/financement-750x811.jpg 750w, https:\/\/www.logement-numerique.fr\/wp-content\/uploads\/2019\/10\/financement-400x433.jpg 400w, https:\/\/www.logement-numerique.fr\/wp-content\/uploads\/2019\/10\/financement-430x465.jpg 430w, https:\/\/www.logement-numerique.fr\/wp-content\/uploads\/2019\/10\/financement-150x162.jpg 150w, https:\/\/www.logement-numerique.fr\/wp-content\/uploads\/2019\/10\/financement-100x108.jpg 100w, https:\/\/www.logement-numerique.fr\/wp-content\/uploads\/2019\/10\/financement.jpg 972w\" sizes=\"(max-width: 107px) 100vw, 107px\" \/><\/p>\n<p>Pour accompagner votre strat\u00e9gie num\u00e9rique, nous vous accompagnons dans le recherche et l&rsquo;\u00e9laboration de demande de financement.<\/p>\n<p>Il est \u00e0 noter que de nombreuses missions inscrite \u00e0 notre bouquet de service (conseil, int\u00e9gration, bimisation du patrimoine) permettent d&rsquo;obtenir une <strong>subvention de l&rsquo;ordre de 50%<\/strong>.<\/p>\n<p><span style=\"color: #3366ff;\"><strong>Fond de Soutien \u00e0 l&rsquo;Innovation (FSI) :\u00a0<\/strong><\/span><\/p>\n<p>Cr\u00e9\u00e9 en 2014, le Fonds de soutien \u00e0 l\u2019innovation (FSI) offre aux organismes<br \/>\nHLM la possibilit\u00e9 d\u2019\u00eatre financi\u00e8rement soutenus dans leurs d\u00e9marches<br \/>\nd\u2019innovation, de modernisation et de professionnalisation. Il est g\u00e9r\u00e9 par la<br \/>\nCaisse de garantie du logement locatif social (CGLLS).<br \/>\nDepuis son lancement, le FSI est intervenu dans le financement de plus de<br \/>\n260 d\u00e9marches pour un montant total de pr\u00e8s de 12 millions d\u2019euros.<\/p>\n<p>Le nombre de dossiers d\u2019innovation atteint un quart de l\u2019ensemble les dossiers<br \/>\nd\u00e9pos\u00e9s et pr\u00e8s de 55 % du montant total des aides distribu\u00e9es.<br \/>\nPr\u00e8s de 50 dossiers ont \u00e9t\u00e9 d\u00e9pos\u00e9s dans un cadre inter-organismes.<\/p>\n<p><strong>liens utiles &#8230;<\/strong><\/p>\n<p><a href=\"https:\/\/www.union-habitat.org\/centre-de-ressources\/economie-du-logement\/fonds-de-soutien-l-innovation-fsi-fonctionnement\">Site USH<\/a><\/p>\n<p><a href=\"https:\/\/www.hlm.coop\/file\/6249\/download?token=teNNHqmy\">Rep\u00e8re n\u00b0 46\u00a0<\/a><\/p>\n<p><strong><span style=\"color: #3366ff;\">Fonds Europ\u00e9en de D\u00e9veloppement R\u00e9gional (FEDER) :<\/span><\/strong><\/p>\n<p><img decoding=\"async\" loading=\"lazy\" class=\"alignnone  wp-image-939\" src=\"https:\/\/www.logement-numerique.fr\/wp-content\/uploads\/2022\/02\/agrodyl-300x122.jpg\" alt=\"\" width=\"140\" height=\"57\" srcset=\"https:\/\/www.logement-numerique.fr\/wp-content\/uploads\/2022\/02\/agrodyl-300x122.jpg 300w, https:\/\/www.logement-numerique.fr\/wp-content\/uploads\/2022\/02\/agrodyl-400x163.jpg 400w, https:\/\/www.logement-numerique.fr\/wp-content\/uploads\/2022\/02\/agrodyl-430x175.jpg 430w, https:\/\/www.logement-numerique.fr\/wp-content\/uploads\/2022\/02\/agrodyl-150x61.jpg 150w, https:\/\/www.logement-numerique.fr\/wp-content\/uploads\/2022\/02\/agrodyl-100x41.jpg 100w, https:\/\/www.logement-numerique.fr\/wp-content\/uploads\/2022\/02\/agrodyl.jpg 533w\" sizes=\"(max-width: 140px) 100vw, 140px\" \/><\/p>\n<p>Avec notre partenaire <strong>AGRODYL<\/strong> nous vous accompagnons pour r\u00e9aliser le montage de votre dossier FEDER.<\/p>\n<p><strong>Le Feder en quelques mots,\u00a0<\/strong><\/p>\n<p>En France, le FEDER intervient principalement sur les th\u00e9matiques suivantes :<\/p>\n<ul>\n<li>Investir dans la recherche, le d\u00e9veloppement technologique et l&rsquo;innovation,<\/li>\n<li>Am\u00e9liorer la comp\u00e9titivit\u00e9 des PME,<\/li>\n<li>Favoriser le d\u00e9veloppement des technologies de l&rsquo;information et de la communication,<\/li>\n<li>Soutenir la transition vers une \u00e9conomie \u00e0 faibles \u00e9missions de carbone.<\/li>\n<\/ul>\n<p>Le FEDER finance \u00e9galement des actions soutenant l&rsquo;adaptation au changement climatique, la pr\u00e9vention des risques, les transports, la formation, l&#8217;emploi ou encore l&rsquo;inclusion sociale. Enfin, afin de pallier au mieux les probl\u00e9matiques sp\u00e9cifiques des\u00a0<a href=\"https:\/\/www.europe-en-france.gouv.fr\/types-de-territoire\/urbain\">territoires urbains<\/a>, une partie de l&rsquo;enveloppe FEDER est mobilis\u00e9e pour les quartiers prioritaires de la politique de la ville.<\/p>\n<p>Dans le contexte national de d\u00e9centralisation, la gestion du FEDER est confi\u00e9e aux conseils r\u00e9gionaux.<\/p>\n<p>Le\u00a0<strong>num\u00e9rique et les technologies de l\u2019information et de la communication<\/strong>\u00a0constituent l\u2019un des\u00a0<a href=\"https:\/\/www.europe-en-france.gouv.fr\/objectifs-thematiques\">11 domaines<\/a>\u00a0dans lesquels les fonds europ\u00e9ens investissent.<\/p>\n<p><strong>liens utiles &#8230;<\/strong><\/p>\n<p><a href=\"https:\/\/www.europe-en-france.gouv.fr\/fr\/fonds-europeens\/fonds-europeen-de-developpement-regional-FEDER\">Site du FEDER<\/a><\/p>\n","protected":false},"excerpt":{"rendered":"<p>Pour accompagner votre strat\u00e9gie num\u00e9rique, nous vous accompagnons dans le recherche et l&rsquo;\u00e9laboration de demande de financement. Il est \u00e0 noter que de nombreuses missions inscrite \u00e0 notre bouquet de [&hellip;]<\/p>\n","protected":false},"author":1,"featured_media":0,"parent":0,"menu_order":0,"comment_status":"closed","ping_status":"closed","template":"","meta":{"jetpack_post_was_ever_published":false},"jetpack_sharing_enabled":true,"jetpack_shortlink":"https:\/\/wp.me\/P8P7Mt-8L","_links":{"self":[{"href":"https:\/\/www.logement-numerique.fr\/index.php\/wp-json\/wp\/v2\/pages\/543"}],"collection":[{"href":"https:\/\/www.logement-numerique.fr\/index.php\/wp-json\/wp\/v2\/pages"}],"about":[{"href":"https:\/\/www.logement-numerique.fr\/index.php\/wp-json\/wp\/v2\/types\/page"}],"author":[{"embeddable":true,"href":"https:\/\/www.logement-numerique.fr\/index.php\/wp-json\/wp\/v2\/users\/1"}],"replies":[{"embeddable":true,"href":"https:\/\/www.logement-numerique.fr\/index.php\/wp-json\/wp\/v2\/comments?post=543"}],"version-history":[{"count":5,"href":"https:\/\/www.logement-numerique.fr\/index.php\/wp-json\/wp\/v2\/pages\/543\/revisions"}],"predecessor-version":[{"id":941,"href":"https:\/\/www.logement-numerique.fr\/index.php\/wp-json\/wp\/v2\/pages\/543\/revisions\/941"}],"wp:attachment":[{"href":"https:\/\/www.logement-numerique.fr\/index.php\/wp-json\/wp\/v2\/media?parent=543"}],"curies":[{"name":"wp","href":"https:\/\/api.w.org\/{rel}","templated":true}]}}