{"id":510,"date":"2019-05-15T14:27:53","date_gmt":"2019-05-15T13:27:53","guid":{"rendered":"https:\/\/www.logement-numerique.fr\/?page_id=510"},"modified":"2021-07-08T16:34:42","modified_gmt":"2021-07-08T15:34:42","slug":"bureau-detude-numerique","status":"publish","type":"page","link":"https:\/\/www.logement-numerique.fr\/index.php\/bureau-detude-numerique\/","title":{"rendered":"Bureau d&rsquo;Etude Num\u00e9rique"},"content":{"rendered":"\n<figure class=\"wp-block-image size-large is-resized\"><img decoding=\"async\" loading=\"lazy\" src=\"https:\/\/www.logement-numerique.fr\/wp-content\/uploads\/2020\/08\/logo-ben-4-1024x440.jpg\" alt=\"\" class=\"wp-image-712\" width=\"202\" height=\"87\" srcset=\"https:\/\/www.logement-numerique.fr\/wp-content\/uploads\/2020\/08\/logo-ben-4-1024x440.jpg 1024w, https:\/\/www.logement-numerique.fr\/wp-content\/uploads\/2020\/08\/logo-ben-4-300x129.jpg 300w, https:\/\/www.logement-numerique.fr\/wp-content\/uploads\/2020\/08\/logo-ben-4-768x330.jpg 768w, https:\/\/www.logement-numerique.fr\/wp-content\/uploads\/2020\/08\/logo-ben-4-750x323.jpg 750w, https:\/\/www.logement-numerique.fr\/wp-content\/uploads\/2020\/08\/logo-ben-4-400x172.jpg 400w, https:\/\/www.logement-numerique.fr\/wp-content\/uploads\/2020\/08\/logo-ben-4-430x185.jpg 430w, https:\/\/www.logement-numerique.fr\/wp-content\/uploads\/2020\/08\/logo-ben-4-150x65.jpg 150w, https:\/\/www.logement-numerique.fr\/wp-content\/uploads\/2020\/08\/logo-ben-4-100x43.jpg 100w, https:\/\/www.logement-numerique.fr\/wp-content\/uploads\/2020\/08\/logo-ben-4.jpg 1379w\" sizes=\"(max-width: 202px) 100vw, 202px\" \/><\/figure>\n\n\n\n<p>Le <strong>Bureau d&rsquo;Etude Num\u00e9rique  <\/strong>est sp\u00e9cialis\u00e9e dans l&rsquo;accompagnement des <strong>Bailleurs Sociaux M\u00e9tropolitains et Ultra-marins <\/strong>pour r\u00e9aliser les missions suivantes :<\/p>\n\n\n\n<ul><li> La bimisation de patrimoine existant dans diff\u00e9rents formats (IFC, Abyla, Active3D), et selon la charte de num\u00e9risation de nos clients.<\/li><\/ul>\n\n\n\n<div class=\"wp-block-image\"><figure class=\"aligncenter size-large is-resized\"><img decoding=\"async\" loading=\"lazy\" src=\"https:\/\/www.logement-numerique.fr\/wp-content\/uploads\/2016\/08\/Logo-semag.png\" alt=\"\" class=\"wp-image-521\" width=\"105\" height=\"105\" srcset=\"https:\/\/www.logement-numerique.fr\/wp-content\/uploads\/2016\/08\/Logo-semag.png 250w, https:\/\/www.logement-numerique.fr\/wp-content\/uploads\/2016\/08\/Logo-semag-150x150.png 150w, https:\/\/www.logement-numerique.fr\/wp-content\/uploads\/2016\/08\/Logo-semag-100x100.png 100w\" sizes=\"(max-width: 105px) 100vw, 105px\" \/><figcaption>Bimisation des nouvelles r\u00e9sidences au format Abyla<\/figcaption><\/figure><\/div>\n\n\n\n<ul><li> Les relev\u00e9s sur site 3D, la conception de maquettes num\u00e9riques, de visites virtuelles ou en r\u00e9alit\u00e9 augment\u00e9e.<\/li><\/ul>\n\n\n\n<div class=\"wp-block-image\"><figure class=\"aligncenter size-large is-resized\"><img decoding=\"async\" loading=\"lazy\" src=\"https:\/\/www.logement-numerique.fr\/wp-content\/uploads\/2020\/08\/logo-opal.jpg\" alt=\"\" class=\"wp-image-716\" width=\"177\" height=\"75\" srcset=\"https:\/\/www.logement-numerique.fr\/wp-content\/uploads\/2020\/08\/logo-opal.jpg 350w, https:\/\/www.logement-numerique.fr\/wp-content\/uploads\/2020\/08\/logo-opal-300x127.jpg 300w, https:\/\/www.logement-numerique.fr\/wp-content\/uploads\/2020\/08\/logo-opal-150x63.jpg 150w, https:\/\/www.logement-numerique.fr\/wp-content\/uploads\/2020\/08\/logo-opal-100x42.jpg 100w\" sizes=\"(max-width: 177px) 100vw, 177px\" \/><figcaption>Scan 3D et retraitement du nuage de points pour r\u00e9aliser une maquette num\u00e9rique aux formats Revit et IFC<\/figcaption><\/figure><\/div>\n\n\n\n<div class=\"wp-block-image\"><figure class=\"aligncenter size-large is-resized\"><img decoding=\"async\" loading=\"lazy\" src=\"https:\/\/www.logement-numerique.fr\/wp-content\/uploads\/2016\/08\/7-7Uwyn8_400x400.jpg\" alt=\"\" class=\"wp-image-443\" width=\"140\" height=\"140\" srcset=\"https:\/\/www.logement-numerique.fr\/wp-content\/uploads\/2016\/08\/7-7Uwyn8_400x400.jpg 400w, https:\/\/www.logement-numerique.fr\/wp-content\/uploads\/2016\/08\/7-7Uwyn8_400x400-150x150.jpg 150w, https:\/\/www.logement-numerique.fr\/wp-content\/uploads\/2016\/08\/7-7Uwyn8_400x400-300x300.jpg 300w, https:\/\/www.logement-numerique.fr\/wp-content\/uploads\/2016\/08\/7-7Uwyn8_400x400-100x100.jpg 100w\" sizes=\"(max-width: 140px) 100vw, 140px\" \/><figcaption>R\u00e9alisation de maquettes num\u00e9riques  aux formats Revit et IFC  dans le cadre de la r\u00e9habilitation de deux r\u00e9sidences<\/figcaption><\/figure><\/div>\n\n\n\n<p><\/p>\n\n\n\n<ul><li>Le Bim Management \u00e0 temps partag\u00e9 pour garantir le continuum entre le BIM de construction et le BIM GEM pour les op\u00e9rations de construction et de r\u00e9habilitation.<\/li><\/ul>\n\n\n\n<div class=\"wp-block-image\"><figure class=\"aligncenter size-large is-resized\"><img decoding=\"async\" loading=\"lazy\" src=\"https:\/\/www.logement-numerique.fr\/wp-content\/uploads\/2016\/08\/3e17a4a91fecaced6639d00a25d5480e_XL-1024x637.jpg\" alt=\"\" class=\"wp-image-537\" width=\"145\" height=\"89\" srcset=\"https:\/\/www.logement-numerique.fr\/wp-content\/uploads\/2016\/08\/3e17a4a91fecaced6639d00a25d5480e_XL-1024x637.jpg 1024w, https:\/\/www.logement-numerique.fr\/wp-content\/uploads\/2016\/08\/3e17a4a91fecaced6639d00a25d5480e_XL-300x187.jpg 300w, https:\/\/www.logement-numerique.fr\/wp-content\/uploads\/2016\/08\/3e17a4a91fecaced6639d00a25d5480e_XL-768x477.jpg 768w, https:\/\/www.logement-numerique.fr\/wp-content\/uploads\/2016\/08\/3e17a4a91fecaced6639d00a25d5480e_XL-750x466.jpg 750w, https:\/\/www.logement-numerique.fr\/wp-content\/uploads\/2016\/08\/3e17a4a91fecaced6639d00a25d5480e_XL-400x249.jpg 400w, https:\/\/www.logement-numerique.fr\/wp-content\/uploads\/2016\/08\/3e17a4a91fecaced6639d00a25d5480e_XL-430x267.jpg 430w, https:\/\/www.logement-numerique.fr\/wp-content\/uploads\/2016\/08\/3e17a4a91fecaced6639d00a25d5480e_XL-150x93.jpg 150w, https:\/\/www.logement-numerique.fr\/wp-content\/uploads\/2016\/08\/3e17a4a91fecaced6639d00a25d5480e_XL-100x62.jpg 100w, https:\/\/www.logement-numerique.fr\/wp-content\/uploads\/2016\/08\/3e17a4a91fecaced6639d00a25d5480e_XL.jpg 1200w\" sizes=\"(max-width: 145px) 100vw, 145px\" \/><figcaption>Bim Management \u00e0 temps partag\u00e9 et contr\u00f4le de maquettes num\u00e9riques pour la construction et l&rsquo;exploitation du futur Lyc\u00e9e Saint Georges<\/figcaption><\/figure><\/div>\n\n\n\n<p><\/p>\n\n\n\n<figure class=\"wp-block-gallery columns-2 is-cropped wp-block-gallery-1 is-layout-flex\"><ul class=\"blocks-gallery-grid\"><li class=\"blocks-gallery-item\"><figure><img decoding=\"async\" loading=\"lazy\" width=\"1024\" height=\"568\" src=\"https:\/\/www.logement-numerique.fr\/wp-content\/uploads\/2020\/08\/opal-maquette-1024x568.jpg\" alt=\"\" data-id=\"717\" data-full-url=\"https:\/\/www.logement-numerique.fr\/wp-content\/uploads\/2020\/08\/opal-maquette.jpg\" data-link=\"https:\/\/www.logement-numerique.fr\/index.php\/releves-sur-site\/opal-maquette\/\" class=\"wp-image-717\" srcset=\"https:\/\/www.logement-numerique.fr\/wp-content\/uploads\/2020\/08\/opal-maquette-1024x568.jpg 1024w, https:\/\/www.logement-numerique.fr\/wp-content\/uploads\/2020\/08\/opal-maquette-300x166.jpg 300w, https:\/\/www.logement-numerique.fr\/wp-content\/uploads\/2020\/08\/opal-maquette-768x426.jpg 768w, https:\/\/www.logement-numerique.fr\/wp-content\/uploads\/2020\/08\/opal-maquette-750x416.jpg 750w, https:\/\/www.logement-numerique.fr\/wp-content\/uploads\/2020\/08\/opal-maquette-400x222.jpg 400w, https:\/\/www.logement-numerique.fr\/wp-content\/uploads\/2020\/08\/opal-maquette-430x239.jpg 430w, https:\/\/www.logement-numerique.fr\/wp-content\/uploads\/2020\/08\/opal-maquette-150x83.jpg 150w, https:\/\/www.logement-numerique.fr\/wp-content\/uploads\/2020\/08\/opal-maquette-100x55.jpg 100w, https:\/\/www.logement-numerique.fr\/wp-content\/uploads\/2020\/08\/opal-maquette.jpg 1168w\" sizes=\"(max-width: 1024px) 100vw, 1024px\" \/><\/figure><\/li><li class=\"blocks-gallery-item\"><figure><img decoding=\"async\" loading=\"lazy\" width=\"395\" height=\"155\" src=\"https:\/\/www.logement-numerique.fr\/wp-content\/uploads\/2020\/08\/mosaique-3.jpg\" alt=\"\" data-id=\"703\" data-full-url=\"https:\/\/www.logement-numerique.fr\/wp-content\/uploads\/2020\/08\/mosaique-3.jpg\" data-link=\"https:\/\/www.logement-numerique.fr\/index.php\/le-logement-numerique\/mosaique-3\/\" class=\"wp-image-703\" srcset=\"https:\/\/www.logement-numerique.fr\/wp-content\/uploads\/2020\/08\/mosaique-3.jpg 395w, https:\/\/www.logement-numerique.fr\/wp-content\/uploads\/2020\/08\/mosaique-3-300x118.jpg 300w, https:\/\/www.logement-numerique.fr\/wp-content\/uploads\/2020\/08\/mosaique-3-150x59.jpg 150w, https:\/\/www.logement-numerique.fr\/wp-content\/uploads\/2020\/08\/mosaique-3-100x39.jpg 100w\" sizes=\"(max-width: 395px) 100vw, 395px\" \/><\/figure><\/li><\/ul><\/figure>\n","protected":false},"excerpt":{"rendered":"<p>Le Bureau d&rsquo;Etude Num\u00e9rique est sp\u00e9cialis\u00e9e dans l&rsquo;accompagnement des Bailleurs Sociaux M\u00e9tropolitains et Ultra-marins pour r\u00e9aliser les missions suivantes : La bimisation de patrimoine existant dans diff\u00e9rents formats (IFC, Abyla, [&hellip;]<\/p>\n","protected":false},"author":1,"featured_media":0,"parent":0,"menu_order":0,"comment_status":"closed","ping_status":"closed","template":"","meta":{"jetpack_post_was_ever_published":false},"jetpack_sharing_enabled":true,"jetpack_shortlink":"https:\/\/wp.me\/P8P7Mt-8e","_links":{"self":[{"href":"https:\/\/www.logement-numerique.fr\/index.php\/wp-json\/wp\/v2\/pages\/510"}],"collection":[{"href":"https:\/\/www.logement-numerique.fr\/index.php\/wp-json\/wp\/v2\/pages"}],"about":[{"href":"https:\/\/www.logement-numerique.fr\/index.php\/wp-json\/wp\/v2\/types\/page"}],"author":[{"embeddable":true,"href":"https:\/\/www.logement-numerique.fr\/index.php\/wp-json\/wp\/v2\/users\/1"}],"replies":[{"embeddable":true,"href":"https:\/\/www.logement-numerique.fr\/index.php\/wp-json\/wp\/v2\/comments?post=510"}],"version-history":[{"count":11,"href":"https:\/\/www.logement-numerique.fr\/index.php\/wp-json\/wp\/v2\/pages\/510\/revisions"}],"predecessor-version":[{"id":853,"href":"https:\/\/www.logement-numerique.fr\/index.php\/wp-json\/wp\/v2\/pages\/510\/revisions\/853"}],"wp:attachment":[{"href":"https:\/\/www.logement-numerique.fr\/index.php\/wp-json\/wp\/v2\/media?parent=510"}],"curies":[{"name":"wp","href":"https:\/\/api.w.org\/{rel}","templated":true}]}}