{"id":395,"date":"2017-07-27T14:14:26","date_gmt":"2017-07-27T13:14:26","guid":{"rendered":"https:\/\/www.logement-numerique.fr\/?page_id=395"},"modified":"2017-11-27T10:51:13","modified_gmt":"2017-11-27T09:51:13","slug":"inventaire-et-collecte-des-donnees-patrimoine","status":"publish","type":"page","link":"https:\/\/www.logement-numerique.fr\/index.php\/inventaire-et-collecte-des-donnees-patrimoine\/","title":{"rendered":"Inventaire et collecte des donn\u00e9es patrimoine"},"content":{"rendered":"<p><img decoding=\"async\" loading=\"lazy\" class=\"alignnone wp-image-70\" src=\"https:\/\/logement-numerique.fr\/wp-content\/uploads\/2016\/08\/iStock_000064410745_Full-300x199.jpg\" alt=\"\" width=\"232\" height=\"154\" srcset=\"https:\/\/www.logement-numerique.fr\/wp-content\/uploads\/2016\/08\/iStock_000064410745_Full-300x199.jpg 300w, https:\/\/www.logement-numerique.fr\/wp-content\/uploads\/2016\/08\/iStock_000064410745_Full-768x510.jpg 768w, https:\/\/www.logement-numerique.fr\/wp-content\/uploads\/2016\/08\/iStock_000064410745_Full-1024x680.jpg 1024w, https:\/\/www.logement-numerique.fr\/wp-content\/uploads\/2016\/08\/iStock_000064410745_Full-750x498.jpg 750w, https:\/\/www.logement-numerique.fr\/wp-content\/uploads\/2016\/08\/iStock_000064410745_Full-400x266.jpg 400w, https:\/\/www.logement-numerique.fr\/wp-content\/uploads\/2016\/08\/iStock_000064410745_Full-430x286.jpg 430w, https:\/\/www.logement-numerique.fr\/wp-content\/uploads\/2016\/08\/iStock_000064410745_Full-150x100.jpg 150w, https:\/\/www.logement-numerique.fr\/wp-content\/uploads\/2016\/08\/iStock_000064410745_Full-100x66.jpg 100w, https:\/\/www.logement-numerique.fr\/wp-content\/uploads\/2016\/08\/iStock_000064410745_Full-272x182.jpg 272w\" sizes=\"(max-width: 232px) 100vw, 232px\" \/><\/p>\n<p>Pour vectoriser son patrimoine existant, il est n\u00e9cessaire\u00a0de constituer des dossiers num\u00e9riques\u00a0r\u00e9unissant plusieurs types d&rsquo;informations\u00a0:<\/p>\n<ul>\n<li>Les diff\u00e9rents logements et b\u00e2timents de chaque site, leurs plans ainsi que leur localisation (parcelles, cadastre &#8230;), des photos du site, les \u00e9quipements des logements\u2026<\/li>\n<\/ul>\n<p>La vectorisation est une op\u00e9ration longue et strat\u00e9gique, en particulier pour les Bailleurs Sociaux.<\/p>\n<p>Afin d\u2019optimiser les usages m\u00e9tiers qui seront faits du Syst\u00e8me d\u2019Information de Gestion Technique du Patrimoine, le contr\u00f4le qualit\u00e9 permanent permet une fiabilisation et une v\u00e9rification des donn\u00e9es, afin d\u2019assurer la r\u00e9ussite de votre projet.<\/p>\n<p>Ce service peut inclure :<\/p>\n<ul>\n<li>\u00c9laboration des dossiers patrimoine pour la num\u00e9risation<\/li>\n<li>Helpline sp\u00e9cialis\u00e9e dans l&rsquo;accompagnement de la constitution<\/li>\n<li>Collecte dans les archives par des archivistes form\u00e9s \u00e0 la gestion technique de patrimoine<\/li>\n<li>Contr\u00f4le qualit\u00e9 des dossiers patrimoines produits<\/li>\n<li>Fiabilisation des donn\u00e9es patrimoniales<\/li>\n<li>Accompagnement des constructeurs (DWG, IFC)<\/li>\n<\/ul>\n<p><strong>Nos r\u00e9f\u00e9rences :<\/strong><\/p>\n<p><img decoding=\"async\" loading=\"lazy\" class=\"alignnone  wp-image-334\" src=\"https:\/\/logement-numerique.fr\/wp-content\/uploads\/2016\/09\/logoosica-300x127.jpg\" alt=\"\" width=\"118\" height=\"50\" srcset=\"https:\/\/www.logement-numerique.fr\/wp-content\/uploads\/2016\/09\/logoosica-300x127.jpg 300w, https:\/\/www.logement-numerique.fr\/wp-content\/uploads\/2016\/09\/logoosica.jpg 750w, https:\/\/www.logement-numerique.fr\/wp-content\/uploads\/2016\/09\/logoosica-400x169.jpg 400w, https:\/\/www.logement-numerique.fr\/wp-content\/uploads\/2016\/09\/logoosica-430x182.jpg 430w, https:\/\/www.logement-numerique.fr\/wp-content\/uploads\/2016\/09\/logoosica-150x63.jpg 150w, https:\/\/www.logement-numerique.fr\/wp-content\/uploads\/2016\/09\/logoosica-100x42.jpg 100w\" sizes=\"(max-width: 118px) 100vw, 118px\" \/>\u00a0 \u00a0<img decoding=\"async\" loading=\"lazy\" class=\"alignnone  wp-image-316\" src=\"https:\/\/logement-numerique.fr\/wp-content\/uploads\/2016\/09\/logoi3f-300x188.jpg\" alt=\"\" width=\"96\" height=\"60\" srcset=\"https:\/\/www.logement-numerique.fr\/wp-content\/uploads\/2016\/09\/logoi3f-300x188.jpg 300w, https:\/\/www.logement-numerique.fr\/wp-content\/uploads\/2016\/09\/logoi3f.jpg 750w, https:\/\/www.logement-numerique.fr\/wp-content\/uploads\/2016\/09\/logoi3f-400x251.jpg 400w, https:\/\/www.logement-numerique.fr\/wp-content\/uploads\/2016\/09\/logoi3f-430x270.jpg 430w, https:\/\/www.logement-numerique.fr\/wp-content\/uploads\/2016\/09\/logoi3f-150x94.jpg 150w, https:\/\/www.logement-numerique.fr\/wp-content\/uploads\/2016\/09\/logoi3f-100x63.jpg 100w\" sizes=\"(max-width: 96px) 100vw, 96px\" \/>\u00a0 \u00a0 \u00a0<img decoding=\"async\" loading=\"lazy\" class=\"alignnone  wp-image-255\" src=\"https:\/\/logement-numerique.fr\/wp-content\/uploads\/2016\/09\/Logosni.png\" alt=\"\" width=\"58\" height=\"62\" srcset=\"https:\/\/www.logement-numerique.fr\/wp-content\/uploads\/2016\/09\/Logosni.png 218w, https:\/\/www.logement-numerique.fr\/wp-content\/uploads\/2016\/09\/Logosni-150x159.png 150w, https:\/\/www.logement-numerique.fr\/wp-content\/uploads\/2016\/09\/Logosni-100x106.png 100w\" sizes=\"(max-width: 58px) 100vw, 58px\" \/>\u00a0 \u00a0 \u00a0<img decoding=\"async\" loading=\"lazy\" class=\"alignnone  wp-image-318\" src=\"https:\/\/logement-numerique.fr\/wp-content\/uploads\/2016\/09\/icf-habitat-300x300.jpg\" alt=\"\" width=\"71\" height=\"71\" srcset=\"https:\/\/www.logement-numerique.fr\/wp-content\/uploads\/2016\/09\/icf-habitat-300x300.jpg 300w, https:\/\/www.logement-numerique.fr\/wp-content\/uploads\/2016\/09\/icf-habitat-150x150.jpg 150w, https:\/\/www.logement-numerique.fr\/wp-content\/uploads\/2016\/09\/icf-habitat-768x768.jpg 768w, https:\/\/www.logement-numerique.fr\/wp-content\/uploads\/2016\/09\/icf-habitat-750x750.jpg 750w, https:\/\/www.logement-numerique.fr\/wp-content\/uploads\/2016\/09\/icf-habitat-400x400.jpg 400w, https:\/\/www.logement-numerique.fr\/wp-content\/uploads\/2016\/09\/icf-habitat-430x430.jpg 430w, https:\/\/www.logement-numerique.fr\/wp-content\/uploads\/2016\/09\/icf-habitat-100x100.jpg 100w, https:\/\/www.logement-numerique.fr\/wp-content\/uploads\/2016\/09\/icf-habitat.jpg 900w\" sizes=\"(max-width: 71px) 100vw, 71px\" \/><\/p>\n<p><a href=\"http:\/\/logement-numerique.fr\/index.php\/expertise-metier\/\">&lt; Expertise techniques et m\u00e9tier<\/a> &#8211; <a href=\"http:\/\/logement-numerique.fr\/index.php\/releves-sur-site\/\">Relev\u00e9s sur site &gt;<\/a><\/p>\n","protected":false},"excerpt":{"rendered":"<p>Pour vectoriser son patrimoine existant, il est n\u00e9cessaire\u00a0de constituer des dossiers num\u00e9riques\u00a0r\u00e9unissant plusieurs types d&rsquo;informations\u00a0: Les diff\u00e9rents logements et b\u00e2timents de chaque site, leurs plans ainsi que leur localisation (parcelles, [&hellip;]<\/p>\n","protected":false},"author":1,"featured_media":0,"parent":0,"menu_order":0,"comment_status":"closed","ping_status":"closed","template":"","meta":{"jetpack_post_was_ever_published":false},"jetpack_sharing_enabled":true,"jetpack_shortlink":"https:\/\/wp.me\/P8P7Mt-6n","_links":{"self":[{"href":"https:\/\/www.logement-numerique.fr\/index.php\/wp-json\/wp\/v2\/pages\/395"}],"collection":[{"href":"https:\/\/www.logement-numerique.fr\/index.php\/wp-json\/wp\/v2\/pages"}],"about":[{"href":"https:\/\/www.logement-numerique.fr\/index.php\/wp-json\/wp\/v2\/types\/page"}],"author":[{"embeddable":true,"href":"https:\/\/www.logement-numerique.fr\/index.php\/wp-json\/wp\/v2\/users\/1"}],"replies":[{"embeddable":true,"href":"https:\/\/www.logement-numerique.fr\/index.php\/wp-json\/wp\/v2\/comments?post=395"}],"version-history":[{"count":5,"href":"https:\/\/www.logement-numerique.fr\/index.php\/wp-json\/wp\/v2\/pages\/395\/revisions"}],"predecessor-version":[{"id":406,"href":"https:\/\/www.logement-numerique.fr\/index.php\/wp-json\/wp\/v2\/pages\/395\/revisions\/406"}],"wp:attachment":[{"href":"https:\/\/www.logement-numerique.fr\/index.php\/wp-json\/wp\/v2\/media?parent=395"}],"curies":[{"name":"wp","href":"https:\/\/api.w.org\/{rel}","templated":true}]}}