{"id":329,"date":"2017-10-19T13:04:25","date_gmt":"2017-10-19T12:04:25","guid":{"rendered":"http:\/\/www.logement-numerique.fr\/?page_id=329"},"modified":"2018-12-24T11:28:29","modified_gmt":"2018-12-24T10:28:29","slug":"migration-de-sitp","status":"publish","type":"page","link":"https:\/\/www.logement-numerique.fr\/index.php\/migration-de-sitp\/","title":{"rendered":"Fusion, Migration de SITP"},"content":{"rendered":"<p><img decoding=\"async\" loading=\"lazy\" class=\"alignnone size-medium wp-image-366\" src=\"https:\/\/logement-numerique.fr\/wp-content\/uploads\/2017\/10\/migration2-300x155.jpg\" alt=\"\" width=\"300\" height=\"155\" srcset=\"https:\/\/www.logement-numerique.fr\/wp-content\/uploads\/2017\/10\/migration2-300x155.jpg 300w, https:\/\/www.logement-numerique.fr\/wp-content\/uploads\/2017\/10\/migration2-768x396.jpg 768w, https:\/\/www.logement-numerique.fr\/wp-content\/uploads\/2017\/10\/migration2-750x387.jpg 750w, https:\/\/www.logement-numerique.fr\/wp-content\/uploads\/2017\/10\/migration2-400x206.jpg 400w, https:\/\/www.logement-numerique.fr\/wp-content\/uploads\/2017\/10\/migration2-430x222.jpg 430w, https:\/\/www.logement-numerique.fr\/wp-content\/uploads\/2017\/10\/migration2-150x77.jpg 150w, https:\/\/www.logement-numerique.fr\/wp-content\/uploads\/2017\/10\/migration2-100x52.jpg 100w, https:\/\/www.logement-numerique.fr\/wp-content\/uploads\/2017\/10\/migration2.jpg 939w\" sizes=\"(max-width: 300px) 100vw, 300px\" \/><\/p>\n<p>Pour accompagner la strat\u00e9gie de nos clients, en mati\u00e8re de r\u00e9organisation structurelle et informatique, nous proposons un service clef en main de fusion de base de donn\u00e9es patrimoniales.<\/p>\n<p>Le march\u00e9 des solution BIM GEM est en constant d\u00e9veloppement, pour accompagner nos clients dans ces \u00e9volutions technologiques, tout en p\u00e9rennisant leurs investissements, et du fait de notre exp\u00e9rience en mati\u00e8re d&rsquo;ing\u00e9nierie des donn\u00e9es du patrimoine, nous proposons des solutions de migration des donn\u00e9es graphiques et alphanum\u00e9riques vers un nouvel environnement d&rsquo;exploitation.<\/p>\n<p>Dans le cadre d&rsquo;un plan de p\u00e9rennisation, ou d&rsquo;un POC, nos solutions peuvent \u00eatre exp\u00e9riment\u00e9es, sur une partie de votre patrimoine.<\/p>\n<p><span style=\"color: #3366ff;\">R\u00e9f\u00e9rences :<\/span><\/p>\n<p>Nous accompagnons le Groupe CDC Habitat dans son projet de fusion des ESH, ce qui repr\u00e9sente plus de 350 000 logements bimis\u00e9s.<\/p>\n<p>&nbsp;<\/p>\n","protected":false},"excerpt":{"rendered":"<p>Pour accompagner la strat\u00e9gie de nos clients, en mati\u00e8re de r\u00e9organisation structurelle et informatique, nous proposons un service clef en main de fusion de base de donn\u00e9es patrimoniales. Le march\u00e9 [&hellip;]<\/p>\n","protected":false},"author":1,"featured_media":0,"parent":0,"menu_order":0,"comment_status":"closed","ping_status":"closed","template":"","meta":{"jetpack_post_was_ever_published":false},"jetpack_sharing_enabled":true,"jetpack_shortlink":"https:\/\/wp.me\/P8P7Mt-5j","_links":{"self":[{"href":"https:\/\/www.logement-numerique.fr\/index.php\/wp-json\/wp\/v2\/pages\/329"}],"collection":[{"href":"https:\/\/www.logement-numerique.fr\/index.php\/wp-json\/wp\/v2\/pages"}],"about":[{"href":"https:\/\/www.logement-numerique.fr\/index.php\/wp-json\/wp\/v2\/types\/page"}],"author":[{"embeddable":true,"href":"https:\/\/www.logement-numerique.fr\/index.php\/wp-json\/wp\/v2\/users\/1"}],"replies":[{"embeddable":true,"href":"https:\/\/www.logement-numerique.fr\/index.php\/wp-json\/wp\/v2\/comments?post=329"}],"version-history":[{"count":8,"href":"https:\/\/www.logement-numerique.fr\/index.php\/wp-json\/wp\/v2\/pages\/329\/revisions"}],"predecessor-version":[{"id":482,"href":"https:\/\/www.logement-numerique.fr\/index.php\/wp-json\/wp\/v2\/pages\/329\/revisions\/482"}],"wp:attachment":[{"href":"https:\/\/www.logement-numerique.fr\/index.php\/wp-json\/wp\/v2\/media?parent=329"}],"curies":[{"name":"wp","href":"https:\/\/api.w.org\/{rel}","templated":true}]}}