{"id":326,"date":"2017-10-19T13:03:36","date_gmt":"2017-10-19T12:03:36","guid":{"rendered":"http:\/\/www.logement-numerique.fr\/?page_id=326"},"modified":"2017-10-27T13:15:21","modified_gmt":"2017-10-27T12:15:21","slug":"valorisation-des-donnees-du-patrimoine","status":"publish","type":"page","link":"https:\/\/www.logement-numerique.fr\/index.php\/valorisation-des-donnees-du-patrimoine\/","title":{"rendered":"Marketplace patrimoine"},"content":{"rendered":"<p><img decoding=\"async\" loading=\"lazy\" class=\"alignnone wp-image-375\" src=\"https:\/\/logement-numerique.fr\/wp-content\/uploads\/2017\/10\/marketplace-300x225.jpg\" alt=\"\" width=\"229\" height=\"172\" srcset=\"https:\/\/www.logement-numerique.fr\/wp-content\/uploads\/2017\/10\/marketplace-300x225.jpg 300w, https:\/\/www.logement-numerique.fr\/wp-content\/uploads\/2017\/10\/marketplace-768x576.jpg 768w, https:\/\/www.logement-numerique.fr\/wp-content\/uploads\/2017\/10\/marketplace-1024x768.jpg 1024w, https:\/\/www.logement-numerique.fr\/wp-content\/uploads\/2017\/10\/marketplace-750x563.jpg 750w, https:\/\/www.logement-numerique.fr\/wp-content\/uploads\/2017\/10\/marketplace-400x300.jpg 400w, https:\/\/www.logement-numerique.fr\/wp-content\/uploads\/2017\/10\/marketplace-430x323.jpg 430w, https:\/\/www.logement-numerique.fr\/wp-content\/uploads\/2017\/10\/marketplace-150x113.jpg 150w, https:\/\/www.logement-numerique.fr\/wp-content\/uploads\/2017\/10\/marketplace-100x75.jpg 100w, https:\/\/www.logement-numerique.fr\/wp-content\/uploads\/2017\/10\/marketplace.jpg 1181w\" sizes=\"(max-width: 229px) 100vw, 229px\" \/><\/p>\n<p>Le donn\u00e9e patrimoine doit \u00eatre consid\u00e9r\u00e9e comme un centre de profit, pour amplifier le retour sur investissement, il est indispensable de partag\u00e9e l&rsquo;information issu du syst\u00e8me d&rsquo;information pour offrir de nouveaux services tout en optimisant la gestion de l&rsquo;organisme.<\/p>\n<p>Pour r\u00e9pondre\u00a0 \u00e0 cette enjeux, et gr\u00e2ce \u00e0 notre exp\u00e9rience en mati\u00e8re d&rsquo;entrep\u00f4t de donn\u00e9es, nous avons con\u00e7u une Marketplace d\u00e9di\u00e9 au partenaires des Bailleurs Sociaux, ainsi les donn\u00e9es s&rsquo;\u00e9changes, s&rsquo;enrichisses au fil des processus mis en place par la soci\u00e9t\u00e9 (plateforme multi-service, performance \u00e9nerg\u00e9tique des b\u00e2timents, \u00e9tats des lieux, contr\u00f4le amiante avant travaux, objets connect\u00e9s, domotique, r\u00e9habilitation, contrat d&rsquo;entretien, &#8230;).<\/p>\n<p>&nbsp;<\/p>\n","protected":false},"excerpt":{"rendered":"<p>Le donn\u00e9e patrimoine doit \u00eatre consid\u00e9r\u00e9e comme un centre de profit, pour amplifier le retour sur investissement, il est indispensable de partag\u00e9e l&rsquo;information issu du syst\u00e8me d&rsquo;information pour offrir de [&hellip;]<\/p>\n","protected":false},"author":1,"featured_media":0,"parent":0,"menu_order":0,"comment_status":"closed","ping_status":"closed","template":"","meta":{"jetpack_post_was_ever_published":false},"jetpack_sharing_enabled":true,"jetpack_shortlink":"https:\/\/wp.me\/P8P7Mt-5g","_links":{"self":[{"href":"https:\/\/www.logement-numerique.fr\/index.php\/wp-json\/wp\/v2\/pages\/326"}],"collection":[{"href":"https:\/\/www.logement-numerique.fr\/index.php\/wp-json\/wp\/v2\/pages"}],"about":[{"href":"https:\/\/www.logement-numerique.fr\/index.php\/wp-json\/wp\/v2\/types\/page"}],"author":[{"embeddable":true,"href":"https:\/\/www.logement-numerique.fr\/index.php\/wp-json\/wp\/v2\/users\/1"}],"replies":[{"embeddable":true,"href":"https:\/\/www.logement-numerique.fr\/index.php\/wp-json\/wp\/v2\/comments?post=326"}],"version-history":[{"count":5,"href":"https:\/\/www.logement-numerique.fr\/index.php\/wp-json\/wp\/v2\/pages\/326\/revisions"}],"predecessor-version":[{"id":386,"href":"https:\/\/www.logement-numerique.fr\/index.php\/wp-json\/wp\/v2\/pages\/326\/revisions\/386"}],"wp:attachment":[{"href":"https:\/\/www.logement-numerique.fr\/index.php\/wp-json\/wp\/v2\/media?parent=326"}],"curies":[{"name":"wp","href":"https:\/\/api.w.org\/{rel}","templated":true}]}}