{"id":295,"date":"2017-06-09T09:25:31","date_gmt":"2017-06-09T08:25:31","guid":{"rendered":"http:\/\/logement-numerique.fr\/?page_id=295"},"modified":"2021-04-06T14:34:57","modified_gmt":"2021-04-06T13:34:57","slug":"systeme-dinformation-decisionnel","status":"publish","type":"page","link":"https:\/\/www.logement-numerique.fr\/index.php\/systeme-dinformation-decisionnel\/","title":{"rendered":"Syst\u00e8me d&rsquo;Information D\u00e9cisionnel"},"content":{"rendered":"<p><img decoding=\"async\" loading=\"lazy\" class=\"alignnone wp-image-69\" src=\"https:\/\/logement-numerique.fr\/wp-content\/uploads\/2016\/08\/iStock_000063444929_Double-300x225.jpg\" alt=\"\" width=\"187\" height=\"140\" srcset=\"https:\/\/www.logement-numerique.fr\/wp-content\/uploads\/2016\/08\/iStock_000063444929_Double-300x225.jpg 300w, https:\/\/www.logement-numerique.fr\/wp-content\/uploads\/2016\/08\/iStock_000063444929_Double-768x576.jpg 768w, https:\/\/www.logement-numerique.fr\/wp-content\/uploads\/2016\/08\/iStock_000063444929_Double-1024x768.jpg 1024w, https:\/\/www.logement-numerique.fr\/wp-content\/uploads\/2016\/08\/iStock_000063444929_Double-750x563.jpg 750w, https:\/\/www.logement-numerique.fr\/wp-content\/uploads\/2016\/08\/iStock_000063444929_Double-400x300.jpg 400w, https:\/\/www.logement-numerique.fr\/wp-content\/uploads\/2016\/08\/iStock_000063444929_Double-430x323.jpg 430w, https:\/\/www.logement-numerique.fr\/wp-content\/uploads\/2016\/08\/iStock_000063444929_Double-150x113.jpg 150w, https:\/\/www.logement-numerique.fr\/wp-content\/uploads\/2016\/08\/iStock_000063444929_Double-100x75.jpg 100w\" sizes=\"(max-width: 187px) 100vw, 187px\" \/><\/p>\n<p>Le Logement Num\u00e9rique dispose d&rsquo;une \u00e9quipe d&rsquo;experts des Syst\u00e8mes d&rsquo;Informations D\u00e9cisionnels, b\u00e9n\u00e9ficiant d\u2019une forte expertise fonctionnelle et technique sur plusieurs progiciels m\u00e9tiers\u00a0 utilis\u00e9s par les Bailleurs Sociaux.<\/p>\n<p>Cette exp\u00e9rience nous permet de proposer \u00e0 nos clients des solutions clefs en main, ou r\u00e9alis\u00e9es sur mesure.<\/p>\n<p>A ce jour, plus de 10 Bailleurs Sociaux nous ont confi\u00e9 la r\u00e9alisation, et la maintenance de leur Syst\u00e8me d\u2019Information D\u00e9cisionnel.<\/p>\n<p><img decoding=\"async\" loading=\"lazy\" class=\"alignnone  wp-image-498\" src=\"https:\/\/logement-numerique.fr\/wp-content\/uploads\/2017\/06\/citya-300x300.jpg\" alt=\"\" width=\"71\" height=\"71\" srcset=\"https:\/\/www.logement-numerique.fr\/wp-content\/uploads\/2017\/06\/citya-300x300.jpg 300w, https:\/\/www.logement-numerique.fr\/wp-content\/uploads\/2017\/06\/citya-150x149.jpg 150w, https:\/\/www.logement-numerique.fr\/wp-content\/uploads\/2017\/06\/citya-400x398.jpg 400w, https:\/\/www.logement-numerique.fr\/wp-content\/uploads\/2017\/06\/citya-430x428.jpg 430w, https:\/\/www.logement-numerique.fr\/wp-content\/uploads\/2017\/06\/citya-100x100.jpg 100w, https:\/\/www.logement-numerique.fr\/wp-content\/uploads\/2017\/06\/citya.jpg 630w\" sizes=\"(max-width: 71px) 100vw, 71px\" \/>\u00a0 \u00a0 \u00a0 \u00a0 \u00a0 \u00a0<img decoding=\"async\" loading=\"lazy\" class=\"alignnone  wp-image-500\" src=\"https:\/\/logement-numerique.fr\/wp-content\/uploads\/2017\/06\/lCL.jpg\" alt=\"\" width=\"86\" height=\"69\" srcset=\"https:\/\/www.logement-numerique.fr\/wp-content\/uploads\/2017\/06\/lCL.jpg 240w, https:\/\/www.logement-numerique.fr\/wp-content\/uploads\/2017\/06\/lCL-150x121.jpg 150w, https:\/\/www.logement-numerique.fr\/wp-content\/uploads\/2017\/06\/lCL-100x81.jpg 100w\" sizes=\"(max-width: 86px) 100vw, 86px\" \/>\u00a0 \u00a0\u00a0 \u00a0\u00a0 \u00a0<img decoding=\"async\" loading=\"lazy\" class=\"alignnone  wp-image-503\" src=\"https:\/\/logement-numerique.fr\/wp-content\/uploads\/2017\/06\/LM.png\" alt=\"\" width=\"143\" height=\"65\" srcset=\"https:\/\/www.logement-numerique.fr\/wp-content\/uploads\/2017\/06\/LM.png 280w, https:\/\/www.logement-numerique.fr\/wp-content\/uploads\/2017\/06\/LM-150x68.png 150w, https:\/\/www.logement-numerique.fr\/wp-content\/uploads\/2017\/06\/LM-100x45.png 100w\" sizes=\"(max-width: 143px) 100vw, 143px\" \/>\u00a0 \u00a0<img decoding=\"async\" loading=\"lazy\" class=\"alignnone  wp-image-501\" src=\"https:\/\/logement-numerique.fr\/wp-content\/uploads\/2017\/06\/LH.jpg\" alt=\"\" width=\"74\" height=\"74\" srcset=\"https:\/\/www.logement-numerique.fr\/wp-content\/uploads\/2017\/06\/LH.jpg 225w, https:\/\/www.logement-numerique.fr\/wp-content\/uploads\/2017\/06\/LH-150x150.jpg 150w, https:\/\/www.logement-numerique.fr\/wp-content\/uploads\/2017\/06\/LH-100x100.jpg 100w\" sizes=\"(max-width: 74px) 100vw, 74px\" \/>\u00a0 \u00a0 \u00a0 <img decoding=\"async\" loading=\"lazy\" class=\"alignnone  wp-image-495\" src=\"https:\/\/logement-numerique.fr\/wp-content\/uploads\/2017\/06\/LNH.jpg\" alt=\"\" width=\"72\" height=\"124\" srcset=\"https:\/\/www.logement-numerique.fr\/wp-content\/uploads\/2017\/06\/LNH.jpg 171w, https:\/\/www.logement-numerique.fr\/wp-content\/uploads\/2017\/06\/LNH-150x259.jpg 150w, https:\/\/www.logement-numerique.fr\/wp-content\/uploads\/2017\/06\/LNH-100x173.jpg 100w\" sizes=\"(max-width: 72px) 100vw, 72px\" \/>\u00a0 \u00a0 \u00a0 <img decoding=\"async\" loading=\"lazy\" class=\"alignnone  wp-image-521\" src=\"https:\/\/www.logement-numerique.fr\/wp-content\/uploads\/2016\/08\/Logo-semag.png\" alt=\"\" width=\"89\" height=\"89\" srcset=\"https:\/\/www.logement-numerique.fr\/wp-content\/uploads\/2016\/08\/Logo-semag.png 250w, https:\/\/www.logement-numerique.fr\/wp-content\/uploads\/2016\/08\/Logo-semag-150x150.png 150w, https:\/\/www.logement-numerique.fr\/wp-content\/uploads\/2016\/08\/Logo-semag-100x100.png 100w\" sizes=\"(max-width: 89px) 100vw, 89px\" \/>\u00a0 \u00a0 <img decoding=\"async\" loading=\"lazy\" class=\"alignnone  wp-image-537\" src=\"https:\/\/www.logement-numerique.fr\/wp-content\/uploads\/2016\/08\/3e17a4a91fecaced6639d00a25d5480e_XL-300x187.jpg\" alt=\"\" width=\"132\" height=\"82\" srcset=\"https:\/\/www.logement-numerique.fr\/wp-content\/uploads\/2016\/08\/3e17a4a91fecaced6639d00a25d5480e_XL-300x187.jpg 300w, https:\/\/www.logement-numerique.fr\/wp-content\/uploads\/2016\/08\/3e17a4a91fecaced6639d00a25d5480e_XL-768x477.jpg 768w, https:\/\/www.logement-numerique.fr\/wp-content\/uploads\/2016\/08\/3e17a4a91fecaced6639d00a25d5480e_XL-1024x637.jpg 1024w, https:\/\/www.logement-numerique.fr\/wp-content\/uploads\/2016\/08\/3e17a4a91fecaced6639d00a25d5480e_XL-750x466.jpg 750w, https:\/\/www.logement-numerique.fr\/wp-content\/uploads\/2016\/08\/3e17a4a91fecaced6639d00a25d5480e_XL-400x249.jpg 400w, https:\/\/www.logement-numerique.fr\/wp-content\/uploads\/2016\/08\/3e17a4a91fecaced6639d00a25d5480e_XL-430x267.jpg 430w, https:\/\/www.logement-numerique.fr\/wp-content\/uploads\/2016\/08\/3e17a4a91fecaced6639d00a25d5480e_XL-150x93.jpg 150w, https:\/\/www.logement-numerique.fr\/wp-content\/uploads\/2016\/08\/3e17a4a91fecaced6639d00a25d5480e_XL-100x62.jpg 100w, https:\/\/www.logement-numerique.fr\/wp-content\/uploads\/2016\/08\/3e17a4a91fecaced6639d00a25d5480e_XL.jpg 1200w\" sizes=\"(max-width: 132px) 100vw, 132px\" \/>\u00a0 <img decoding=\"async\" loading=\"lazy\" class=\"alignnone  wp-image-499\" src=\"https:\/\/www.logement-numerique.fr\/wp-content\/uploads\/2017\/06\/thionville.jpg\" alt=\"\" width=\"138\" height=\"138\" srcset=\"https:\/\/www.logement-numerique.fr\/wp-content\/uploads\/2017\/06\/thionville.jpg 225w, https:\/\/www.logement-numerique.fr\/wp-content\/uploads\/2017\/06\/thionville-150x150.jpg 150w, https:\/\/www.logement-numerique.fr\/wp-content\/uploads\/2017\/06\/thionville-100x100.jpg 100w\" sizes=\"(max-width: 138px) 100vw, 138px\" \/><\/p>\n","protected":false},"excerpt":{"rendered":"<p>Le Logement Num\u00e9rique dispose d&rsquo;une \u00e9quipe d&rsquo;experts des Syst\u00e8mes d&rsquo;Informations D\u00e9cisionnels, b\u00e9n\u00e9ficiant d\u2019une forte expertise fonctionnelle et technique sur plusieurs progiciels m\u00e9tiers\u00a0 utilis\u00e9s par les Bailleurs Sociaux. Cette exp\u00e9rience nous [&hellip;]<\/p>\n","protected":false},"author":1,"featured_media":0,"parent":0,"menu_order":0,"comment_status":"closed","ping_status":"closed","template":"","meta":{"jetpack_post_was_ever_published":false},"jetpack_sharing_enabled":true,"jetpack_shortlink":"https:\/\/wp.me\/P8P7Mt-4L","_links":{"self":[{"href":"https:\/\/www.logement-numerique.fr\/index.php\/wp-json\/wp\/v2\/pages\/295"}],"collection":[{"href":"https:\/\/www.logement-numerique.fr\/index.php\/wp-json\/wp\/v2\/pages"}],"about":[{"href":"https:\/\/www.logement-numerique.fr\/index.php\/wp-json\/wp\/v2\/types\/page"}],"author":[{"embeddable":true,"href":"https:\/\/www.logement-numerique.fr\/index.php\/wp-json\/wp\/v2\/users\/1"}],"replies":[{"embeddable":true,"href":"https:\/\/www.logement-numerique.fr\/index.php\/wp-json\/wp\/v2\/comments?post=295"}],"version-history":[{"count":4,"href":"https:\/\/www.logement-numerique.fr\/index.php\/wp-json\/wp\/v2\/pages\/295\/revisions"}],"predecessor-version":[{"id":819,"href":"https:\/\/www.logement-numerique.fr\/index.php\/wp-json\/wp\/v2\/pages\/295\/revisions\/819"}],"wp:attachment":[{"href":"https:\/\/www.logement-numerique.fr\/index.php\/wp-json\/wp\/v2\/media?parent=295"}],"curies":[{"name":"wp","href":"https:\/\/api.w.org\/{rel}","templated":true}]}}