{"id":288,"date":"2017-06-09T09:19:55","date_gmt":"2017-06-09T08:19:55","guid":{"rendered":"http:\/\/logement-numerique.fr\/?page_id=288"},"modified":"2018-04-27T15:18:22","modified_gmt":"2018-04-27T14:18:22","slug":"controle-qualite","status":"publish","type":"page","link":"https:\/\/www.logement-numerique.fr\/index.php\/controle-qualite\/","title":{"rendered":"Bureau de contr\u00f4le qualit\u00e9 vectorisation"},"content":{"rendered":"<p><img decoding=\"async\" loading=\"lazy\" class=\"alignnone  wp-image-370\" src=\"https:\/\/logement-numerique.fr\/wp-content\/uploads\/2017\/06\/controle-300x264.jpg\" alt=\"\" width=\"165\" height=\"145\" srcset=\"https:\/\/www.logement-numerique.fr\/wp-content\/uploads\/2017\/06\/controle-300x264.jpg 300w, https:\/\/www.logement-numerique.fr\/wp-content\/uploads\/2017\/06\/controle-750x661.jpg 750w, https:\/\/www.logement-numerique.fr\/wp-content\/uploads\/2017\/06\/controle-400x353.jpg 400w, https:\/\/www.logement-numerique.fr\/wp-content\/uploads\/2017\/06\/controle-430x379.jpg 430w, https:\/\/www.logement-numerique.fr\/wp-content\/uploads\/2017\/06\/controle-150x132.jpg 150w, https:\/\/www.logement-numerique.fr\/wp-content\/uploads\/2017\/06\/controle-100x88.jpg 100w, https:\/\/www.logement-numerique.fr\/wp-content\/uploads\/2017\/06\/controle.jpg 759w\" sizes=\"(max-width: 165px) 100vw, 165px\" \/>D\u00e8s 2015, pour garantir \u00e0 ses clients une qualit\u00e9 de vectorisation irr\u00e9prochable, dans le parfait respect des engagements pris par les soci\u00e9t\u00e9s de vectorisation (qualit\u00e9, charte de vectorisation, production, &#8230;), le Logement Num\u00e9rique a cr\u00e9\u00e9 le premier bureau de contr\u00f4le de vectorisation en capacit\u00e9 de traiter plus de 6 000 logements par mois.<\/p>\n","protected":false},"excerpt":{"rendered":"<p>D\u00e8s 2015, pour garantir \u00e0 ses clients une qualit\u00e9 de vectorisation irr\u00e9prochable, dans le parfait respect des engagements pris par les soci\u00e9t\u00e9s de vectorisation (qualit\u00e9, charte de vectorisation, production, &#8230;), [&hellip;]<\/p>\n","protected":false},"author":1,"featured_media":0,"parent":0,"menu_order":0,"comment_status":"closed","ping_status":"closed","template":"","meta":{"jetpack_post_was_ever_published":false},"jetpack_sharing_enabled":true,"jetpack_shortlink":"https:\/\/wp.me\/P8P7Mt-4E","_links":{"self":[{"href":"https:\/\/www.logement-numerique.fr\/index.php\/wp-json\/wp\/v2\/pages\/288"}],"collection":[{"href":"https:\/\/www.logement-numerique.fr\/index.php\/wp-json\/wp\/v2\/pages"}],"about":[{"href":"https:\/\/www.logement-numerique.fr\/index.php\/wp-json\/wp\/v2\/types\/page"}],"author":[{"embeddable":true,"href":"https:\/\/www.logement-numerique.fr\/index.php\/wp-json\/wp\/v2\/users\/1"}],"replies":[{"embeddable":true,"href":"https:\/\/www.logement-numerique.fr\/index.php\/wp-json\/wp\/v2\/comments?post=288"}],"version-history":[{"count":6,"href":"https:\/\/www.logement-numerique.fr\/index.php\/wp-json\/wp\/v2\/pages\/288\/revisions"}],"predecessor-version":[{"id":439,"href":"https:\/\/www.logement-numerique.fr\/index.php\/wp-json\/wp\/v2\/pages\/288\/revisions\/439"}],"wp:attachment":[{"href":"https:\/\/www.logement-numerique.fr\/index.php\/wp-json\/wp\/v2\/media?parent=288"}],"curies":[{"name":"wp","href":"https:\/\/api.w.org\/{rel}","templated":true}]}}