{"id":23,"date":"2016-08-10T14:41:28","date_gmt":"2016-08-10T13:41:28","guid":{"rendered":"http:\/\/logement-numerique.fr\/?page_id=23"},"modified":"2018-12-24T12:26:44","modified_gmt":"2018-12-24T11:26:44","slug":"management-de-projet","status":"publish","type":"page","link":"https:\/\/www.logement-numerique.fr\/index.php\/management-de-projet\/","title":{"rendered":"Management de projet &#8211; AMO Bim"},"content":{"rendered":"<p><img decoding=\"async\" class=\"aligncenter\" src=\"http:\/\/logement-numerique.fr\/wp-content\/uploads\/2016\/08\/iStock_000079083669_Large-300x200.jpg\" \/><\/p>\n<p>Pour r\u00e9ussir votre plan num\u00e9rique de patrimoine, nous vous proposons des intervenants disposant d\u2019une ma\u00eetrise \u00e9quilibr\u00e9e de techniques et de comportements appropri\u00e9s au pilotage de projet long.<\/p>\n<p>Nos domaines d\u2019intervention sont les suivants\u00a0:<\/p>\n<ul>\n<li style=\"text-align: left;\">AMO BIM globale de votre projet BIM GEM<\/li>\n<li>Conseil sur le mise en oeuvre du BIM GEM pour les Bailleurs Sociaux<\/li>\n<li>Etude, conseil et suivi de vos objectifs \u00e0 court et long terme<\/li>\n<li>Expertises techniques et m\u00e9tiers des solutions Active-3D\u00a9 et Abyla\u00a9<\/li>\n<li style=\"text-align: left;\">Mesure de la qualit\u00e9, de la satisfaction<\/li>\n<li style=\"text-align: left;\">Optimisation et suivi budg\u00e9taire<\/li>\n<li style=\"text-align: left;\">Constitution de chartes graphiques, IFC, DWG<\/li>\n<li>Formation BIM et Bailleurs Sociaux<\/li>\n<li style=\"text-align: left;\">Nouvelles technologies num\u00e9riques du b\u00e2timent<\/li>\n<\/ul>\n<p>&nbsp;<\/p>\n<p style=\"text-align: center;\"><a href=\"http:\/\/logement-numerique.fr\/index.php\/offre-de-services\/\">&lt; Offre de services<\/a>\u00a0&#8211; <a href=\"http:\/\/logement-numerique.fr\/index.php\/expertise-metier\/\">Expertises techniques et m\u00e9tier &gt;<\/a><\/p>\n","protected":false},"excerpt":{"rendered":"<p>Pour r\u00e9ussir votre plan num\u00e9rique de patrimoine, nous vous proposons des intervenants disposant d\u2019une ma\u00eetrise \u00e9quilibr\u00e9e de techniques et de comportements appropri\u00e9s au pilotage de projet long. Nos domaines d\u2019intervention [&hellip;]<\/p>\n","protected":false},"author":1,"featured_media":0,"parent":0,"menu_order":0,"comment_status":"closed","ping_status":"closed","template":"","meta":{"jetpack_post_was_ever_published":false},"jetpack_sharing_enabled":true,"jetpack_shortlink":"https:\/\/wp.me\/P8P7Mt-n","_links":{"self":[{"href":"https:\/\/www.logement-numerique.fr\/index.php\/wp-json\/wp\/v2\/pages\/23"}],"collection":[{"href":"https:\/\/www.logement-numerique.fr\/index.php\/wp-json\/wp\/v2\/pages"}],"about":[{"href":"https:\/\/www.logement-numerique.fr\/index.php\/wp-json\/wp\/v2\/types\/page"}],"author":[{"embeddable":true,"href":"https:\/\/www.logement-numerique.fr\/index.php\/wp-json\/wp\/v2\/users\/1"}],"replies":[{"embeddable":true,"href":"https:\/\/www.logement-numerique.fr\/index.php\/wp-json\/wp\/v2\/comments?post=23"}],"version-history":[{"count":19,"href":"https:\/\/www.logement-numerique.fr\/index.php\/wp-json\/wp\/v2\/pages\/23\/revisions"}],"predecessor-version":[{"id":486,"href":"https:\/\/www.logement-numerique.fr\/index.php\/wp-json\/wp\/v2\/pages\/23\/revisions\/486"}],"wp:attachment":[{"href":"https:\/\/www.logement-numerique.fr\/index.php\/wp-json\/wp\/v2\/media?parent=23"}],"curies":[{"name":"wp","href":"https:\/\/api.w.org\/{rel}","templated":true}]}}