{"id":200,"date":"2016-08-12T13:32:03","date_gmt":"2016-08-12T12:32:03","guid":{"rendered":"http:\/\/logement-numerique.fr\/?page_id=200"},"modified":"2019-08-05T15:56:38","modified_gmt":"2019-08-05T14:56:38","slug":"expertise-metier","status":"publish","type":"page","link":"https:\/\/www.logement-numerique.fr\/index.php\/expertise-metier\/","title":{"rendered":"AMO, expertises techniques et m\u00e9tiers"},"content":{"rendered":"<p>&nbsp;<\/p>\n<p><img decoding=\"async\" loading=\"lazy\" class=\"size-medium wp-image-275 aligncenter\" src=\"http:\/\/logement-numerique.fr\/wp-content\/uploads\/2016\/08\/expertise-300x200.jpg\" alt=\"seminarleiter mit seinem team\" width=\"300\" height=\"200\" srcset=\"https:\/\/www.logement-numerique.fr\/wp-content\/uploads\/2016\/08\/expertise-300x200.jpg 300w, https:\/\/www.logement-numerique.fr\/wp-content\/uploads\/2016\/08\/expertise-768x512.jpg 768w, https:\/\/www.logement-numerique.fr\/wp-content\/uploads\/2016\/08\/expertise-750x500.jpg 750w, https:\/\/www.logement-numerique.fr\/wp-content\/uploads\/2016\/08\/expertise-400x267.jpg 400w, https:\/\/www.logement-numerique.fr\/wp-content\/uploads\/2016\/08\/expertise-430x287.jpg 430w, https:\/\/www.logement-numerique.fr\/wp-content\/uploads\/2016\/08\/expertise-150x100.jpg 150w, https:\/\/www.logement-numerique.fr\/wp-content\/uploads\/2016\/08\/expertise-100x67.jpg 100w, https:\/\/www.logement-numerique.fr\/wp-content\/uploads\/2016\/08\/expertise-272x182.jpg 272w, https:\/\/www.logement-numerique.fr\/wp-content\/uploads\/2016\/08\/expertise.jpg 849w\" sizes=\"(max-width: 300px) 100vw, 300px\" \/><\/p>\n<p>&nbsp;<\/p>\n<p>Bien au del\u00e0 d&rsquo;une simple approche logiciel, nos collaborateurs disposent d&rsquo;exp\u00e9riences multiples \u00e0 savoir :<\/p>\n<ul>\n<li>L&rsquo;expertise technique des principaux SITP (Syst\u00e8me d&rsquo;Information Technique du Patrimoine), SID (Syst\u00e8me d&rsquo;Information D\u00e9cisionnel), SIG (Syst\u00e8me d&rsquo;Information G\u00e9ographique) du march\u00e9 (Active 3D\u00a9, Abyla\u00a9, BiBoard, Report One, QGIS, ArcGis , Gesprojet &#8230;)<\/li>\n<li>L&rsquo;expertise des nombreux m\u00e9tiers d&rsquo;un Bailleur Social, et des diff\u00e9rents progiciels de gestion immobili\u00e8re du march\u00e9 (IKOS\u00a9, Ulis\u00a9, Prem&rsquo; Habitat\u00a9, Gesprojet\u00a9 &#8230;)<\/li>\n<li>La capacit\u00e9 \u00e0 accompagner les Direction de Syst\u00e8me d&rsquo;Information (Audit du SI, sch\u00e9ma directeur, RGPD, RPO, conseil et AMO, &#8230;)<\/li>\n<li>R\u00e9daction de consultations clefs en main (Solutions m\u00e9tiers, Bimisation, Relev\u00e9s sur site, &#8230;)<\/li>\n<\/ul>\n<p>Cette approche, permet d&rsquo;apport\u00e9s \u00e0 nos clients des prestations \u00e0 hautes valeur ajout\u00e9s, sur l&rsquo;ensemble de leurs projets informatiques.<\/p>\n<h2>Exemples de r\u00e9alisations,<\/h2>\n<ul>\n<li><strong>AMO DSI, DPG pour Pas de Calais Habitat<\/strong> (Etude et conseils pour la mise en oeuvre d&rsquo;un SITP, mission r\u00e9alis\u00e9e en partenariat avec le cabinet <strong>AATIKO-Groupe SCET<\/strong>)<\/li>\n<li><strong>AMO DSI et DGP pour Maisons et Cit\u00e9s<\/strong>\u00a0(Etude et conseils pour la mise en oeuvre d&rsquo;un SITP et la bimisation du patrimoine existant, mission r\u00e9alis\u00e9e en partenariat avec le cabinet <strong>AATIKO-Groupe SCET<\/strong>)<\/li>\n<li><strong>AMO DSI pour l&rsquo;OPALE<\/strong> (Audit et Conseils pour l&rsquo;\u00e9laboration du sch\u00e9ma directeur informatique dans le cadre d&rsquo;un rapprochement strat\u00e9gique de plusieurs Bailleurs,\u00a0mission r\u00e9alis\u00e9e en partenariat avec le cabinet <strong>AATIKO-Groupe SCET<\/strong>)<\/li>\n<li>&#8230;<\/li>\n<\/ul>\n<p>&nbsp;<\/p>\n<p style=\"text-align: center;\"><a href=\"http:\/\/logement-numerique.fr\/index.php\/management-de-projet\/\">&lt; Management de projet<\/a> &#8211; <a href=\"http:\/\/logement-numerique.fr\/index.php\/constitution-et-controle\/\">Constitution et contr\u00f4le &gt;<\/a><\/p>\n","protected":false},"excerpt":{"rendered":"<p>&nbsp; &nbsp; Bien au del\u00e0 d&rsquo;une simple approche logiciel, nos collaborateurs disposent d&rsquo;exp\u00e9riences multiples \u00e0 savoir : L&rsquo;expertise technique des principaux SITP (Syst\u00e8me d&rsquo;Information Technique du Patrimoine), SID (Syst\u00e8me d&rsquo;Information [&hellip;]<\/p>\n","protected":false},"author":1,"featured_media":0,"parent":0,"menu_order":0,"comment_status":"closed","ping_status":"closed","template":"","meta":{"jetpack_post_was_ever_published":false},"jetpack_sharing_enabled":true,"jetpack_shortlink":"https:\/\/wp.me\/P8P7Mt-3e","_links":{"self":[{"href":"https:\/\/www.logement-numerique.fr\/index.php\/wp-json\/wp\/v2\/pages\/200"}],"collection":[{"href":"https:\/\/www.logement-numerique.fr\/index.php\/wp-json\/wp\/v2\/pages"}],"about":[{"href":"https:\/\/www.logement-numerique.fr\/index.php\/wp-json\/wp\/v2\/types\/page"}],"author":[{"embeddable":true,"href":"https:\/\/www.logement-numerique.fr\/index.php\/wp-json\/wp\/v2\/users\/1"}],"replies":[{"embeddable":true,"href":"https:\/\/www.logement-numerique.fr\/index.php\/wp-json\/wp\/v2\/comments?post=200"}],"version-history":[{"count":18,"href":"https:\/\/www.logement-numerique.fr\/index.php\/wp-json\/wp\/v2\/pages\/200\/revisions"}],"predecessor-version":[{"id":519,"href":"https:\/\/www.logement-numerique.fr\/index.php\/wp-json\/wp\/v2\/pages\/200\/revisions\/519"}],"wp:attachment":[{"href":"https:\/\/www.logement-numerique.fr\/index.php\/wp-json\/wp\/v2\/media?parent=200"}],"curies":[{"name":"wp","href":"https:\/\/api.w.org\/{rel}","templated":true}]}}