{"id":159,"date":"2016-08-11T17:32:58","date_gmt":"2016-08-11T16:32:58","guid":{"rendered":"http:\/\/logement-numerique.fr\/?page_id=159"},"modified":"2019-02-06T09:18:03","modified_gmt":"2019-02-06T08:18:03","slug":"fiabilisation-des-donnees-patrimoniales","status":"publish","type":"page","link":"https:\/\/www.logement-numerique.fr\/index.php\/fiabilisation-des-donnees-patrimoniales\/","title":{"rendered":"Fiabilisation des donn\u00e9es patrimoniales"},"content":{"rendered":"<p>&nbsp;<\/p>\n<p><img decoding=\"async\" loading=\"lazy\" class=\"size-medium wp-image-277 aligncenter\" src=\"http:\/\/logement-numerique.fr\/wp-content\/uploads\/2016\/08\/DP-300x150.jpg\" alt=\"Businessman Working Dashboard Strategy Research Concept\" width=\"300\" height=\"150\" srcset=\"https:\/\/www.logement-numerique.fr\/wp-content\/uploads\/2016\/08\/DP-300x150.jpg 300w, https:\/\/www.logement-numerique.fr\/wp-content\/uploads\/2016\/08\/DP-768x384.jpg 768w, https:\/\/www.logement-numerique.fr\/wp-content\/uploads\/2016\/08\/DP-1024x512.jpg 1024w, https:\/\/www.logement-numerique.fr\/wp-content\/uploads\/2016\/08\/DP-750x375.jpg 750w, https:\/\/www.logement-numerique.fr\/wp-content\/uploads\/2016\/08\/DP-400x200.jpg 400w, https:\/\/www.logement-numerique.fr\/wp-content\/uploads\/2016\/08\/DP-430x215.jpg 430w, https:\/\/www.logement-numerique.fr\/wp-content\/uploads\/2016\/08\/DP-150x75.jpg 150w, https:\/\/www.logement-numerique.fr\/wp-content\/uploads\/2016\/08\/DP-100x50.jpg 100w, https:\/\/www.logement-numerique.fr\/wp-content\/uploads\/2016\/08\/DP.jpg 1949w\" sizes=\"(max-width: 300px) 100vw, 300px\" \/><\/p>\n<p>&nbsp;<\/p>\n<p>Suite \u00e0 la num\u00e9risation de votre patrimoine existant, plusieurs informations n\u00e9cessitent d&rsquo;\u00eatre fiabilis\u00e9s :<\/p>\n<ul>\n<li>travaux<\/li>\n<li>r\u00e9habilitations<\/li>\n<li>g\u00e9o-positionnement des \u00e9quipements dans le logement<\/li>\n<li>etc<\/li>\n<\/ul>\n<p>Pour ce faire, nous mettons \u00e0 la disposition de nos clients des processus de mise \u00e0 jour des donn\u00e9es patrimoniales.<\/p>\n<p>&nbsp;<\/p>\n<p style=\"text-align: center;\"><a href=\"http:\/\/logement-numerique.fr\/index.php\/vectorisation\/\">&lt; Vectorisation<\/a>\u00a0&#8211; <a href=\"http:\/\/logement-numerique.fr\/index.php\/diagnostics-techniques\/\">Diagnostics Techniques &gt;<\/a><\/p>\n","protected":false},"excerpt":{"rendered":"<p>&nbsp; &nbsp; Suite \u00e0 la num\u00e9risation de votre patrimoine existant, plusieurs informations n\u00e9cessitent d&rsquo;\u00eatre fiabilis\u00e9s : travaux r\u00e9habilitations g\u00e9o-positionnement des \u00e9quipements dans le logement etc Pour ce faire, nous mettons [&hellip;]<\/p>\n","protected":false},"author":1,"featured_media":0,"parent":0,"menu_order":0,"comment_status":"closed","ping_status":"closed","template":"","meta":{"jetpack_post_was_ever_published":false},"jetpack_sharing_enabled":true,"jetpack_shortlink":"https:\/\/wp.me\/P8P7Mt-2z","_links":{"self":[{"href":"https:\/\/www.logement-numerique.fr\/index.php\/wp-json\/wp\/v2\/pages\/159"}],"collection":[{"href":"https:\/\/www.logement-numerique.fr\/index.php\/wp-json\/wp\/v2\/pages"}],"about":[{"href":"https:\/\/www.logement-numerique.fr\/index.php\/wp-json\/wp\/v2\/types\/page"}],"author":[{"embeddable":true,"href":"https:\/\/www.logement-numerique.fr\/index.php\/wp-json\/wp\/v2\/users\/1"}],"replies":[{"embeddable":true,"href":"https:\/\/www.logement-numerique.fr\/index.php\/wp-json\/wp\/v2\/comments?post=159"}],"version-history":[{"count":12,"href":"https:\/\/www.logement-numerique.fr\/index.php\/wp-json\/wp\/v2\/pages\/159\/revisions"}],"predecessor-version":[{"id":490,"href":"https:\/\/www.logement-numerique.fr\/index.php\/wp-json\/wp\/v2\/pages\/159\/revisions\/490"}],"wp:attachment":[{"href":"https:\/\/www.logement-numerique.fr\/index.php\/wp-json\/wp\/v2\/media?parent=159"}],"curies":[{"name":"wp","href":"https:\/\/api.w.org\/{rel}","templated":true}]}}